{"id":5823,"date":"2024-02-18T20:24:27","date_gmt":"2024-02-18T19:24:27","guid":{"rendered":"https:\/\/royioyg.com\/?page_id=5823"},"modified":"2026-02-13T20:07:43","modified_gmt":"2026-02-14T00:07:43","slug":"data-science","status":"publish","type":"page","link":"https:\/\/royioyg.com\/pt\/data-science\/","title":{"rendered":"Ci\u00eancia de Dados"},"content":{"rendered":"<p><!--?xml encoding=\"utf-8\" ?--><strong>datos\u00a0  <a href=\"https:\/\/gaysocialites.com\/\" target=\"_blank\">onyfans yourfavoriteredhead<\/a><\/strong><strong>informaci\u00f3n\u00a0<\/strong><strong>conocimiento\u00a0<\/strong><strong>Implementamos desarrollos y servicios de an\u00e1lisis de datos e inteligencia artificial, para resolver problemas de ciencias aplicadas de nuestros clientes en una amplia gama de m\u00e9todos:<\/strong><\/p>\n<ol>\n<li>Inferencia de par\u00e1metros en modelos de estructura compleja y diversidad de tipos de datos.<\/li>\n<li>Redes neurales convolucionales.<\/li>\n<li>Inteligencia artificial soportada por redes Bayesianas.<\/li>\n<li>Visualisaci\u00f3n en 3D y estad\u00edstica espacial.<\/li>\n<\/ol>\n<ul>\n<li>Garantizar la coherencia de los datos entre las aplicaciones de software externas e internas.<\/li>\n<li>Inferencia de par\u00e1metros en modelos de estructura compleja y diversidad de tipos de datos.<\/li>\n<li>Redes neurales convolucionales.<\/li>\n<li>Inteligencia artificial soportada por redes Bayesianas.<\/li>\n<li>Garantizar la coherencia de los datos entre las aplicaciones de software externas e internas.<\/li>\n<\/ul>\n<ul>\n<li>Limpieza de datos, consolidaci\u00f3n de datos, carga de datos para pozos y datos s\u00edsmicos 2D\/3D.<\/li>\n<li>Lectura de obtenci\u00f3n de datos en cualquier formato disponible.<\/li>\n<li class=\"wixui-rich-text__text\">\n<p class=\"font_8 wixui-rich-text__text\"><span class=\"color_11 wixui-rich-text__text\">Accesibilidad y organizaci\u00f3n. (Google Data Storage)<\/span><\/p>\n<\/li>\n<li>Auditor\u00eda de inventario de todos los conjuntos de datos s\u00edsmicos (datos b\u00e1sicos y datos de campo).<\/li>\n<li>Servicios de escaneado; se digitalizan todos los datos de apoyo creando copias digitales del inventario.<\/li>\n<li>Escaneo y ploteo de secciones y mapas s\u00edsmicos.<\/li>\n<li>Copia de datos, remasterizaci\u00f3n y formateo de cintas s\u00edsmicas.<\/li>\n<\/ul>\n<p><small>A plataforma integrada de caracteriza\u00e7\u00e3o de reservat\u00f3rios iLoop+ conta com um grande n\u00famero de tecnologias inovadoras que permitem obter modelos de caracteriza\u00e7\u00e3o mais pr\u00f3ximos da realidade dos reservat\u00f3rios.<\/small><\/p>","protected":false},"excerpt":{"rendered":"<p>Para ROYI, cada problema en un proceso es una oportunidad de optimizar y un<br \/>\ndesaf\u00edo que se transforma en proyecto y provee una soluci\u00f3n innovadora.<\/p>","protected":false},"author":1,"featured_media":5300,"parent":0,"menu_order":0,"comment_status":"closed","ping_status":"closed","template":"","meta":{"footnotes":""},"class_list":["post-5823","page","type-page","status-publish","has-post-thumbnail","hentry"],"meta_box":{"boldthemes_theme_menu_name":"","boldthemes_theme_footer_menu_name":"","boldthemes_theme_override":["boldthemes_theme_sidebar:right","boldthemes_theme_logo:https:\/\/royioyg.com\/wp-content\/uploads\/2023\/12\/royi-logo.png","boldthemes_theme_alt_logo:https:\/\/royioyg.com\/wp-content\/uploads\/2023\/12\/royi-white.png"]},"_links":{"self":[{"href":"https:\/\/royioyg.com\/pt\/wp-json\/wp\/v2\/pages\/5823"}],"collection":[{"href":"https:\/\/royioyg.com\/pt\/wp-json\/wp\/v2\/pages"}],"about":[{"href":"https:\/\/royioyg.com\/pt\/wp-json\/wp\/v2\/types\/page"}],"author":[{"embeddable":true,"href":"https:\/\/royioyg.com\/pt\/wp-json\/wp\/v2\/users\/1"}],"replies":[{"embeddable":true,"href":"https:\/\/royioyg.com\/pt\/wp-json\/wp\/v2\/comments?post=5823"}],"version-history":[{"count":0,"href":"https:\/\/royioyg.com\/pt\/wp-json\/wp\/v2\/pages\/5823\/revisions"}],"wp:featuredmedia":[{"embeddable":true,"href":"https:\/\/royioyg.com\/pt\/wp-json\/wp\/v2\/media\/5300"}],"wp:attachment":[{"href":"https:\/\/royioyg.com\/pt\/wp-json\/wp\/v2\/media?parent=5823"}],"curies":[{"name":"wp","href":"https:\/\/api.w.org\/{rel}","templated":true}]}}