{"id":5682,"date":"2024-02-11T11:16:18","date_gmt":"2024-02-11T10:16:18","guid":{"rendered":"https:\/\/royioyg.com\/?page_id=5682"},"modified":"2024-02-11T11:43:24","modified_gmt":"2024-02-11T10:43:24","slug":"terminos-y-condiciones","status":"publish","type":"page","link":"https:\/\/royioyg.com\/pt\/terminos-y-condiciones\/","title":{"rendered":"Termos e Condi\u00e7\u00f5es"},"content":{"rendered":"<section data-bb-version=\"4.8.0\" id=\"bt_bb_section69d8a723bf9fa\" class=\"bt_bb_section bt_bb_layout_wide bt_bb_vertical_align_top bt_bb_top_spacing_none bt_bb_bottom_spacing_none bt_bb_negative_margin_\"  data-bt-override-class=\"{&quot;bt_bb_top_spacing_&quot;:{&quot;current_class&quot;:&quot;bt_bb_top_spacing_none&quot;,&quot;def&quot;:&quot;none&quot;},&quot;bt_bb_bottom_spacing_&quot;:{&quot;current_class&quot;:&quot;bt_bb_bottom_spacing_none&quot;,&quot;def&quot;:&quot;none&quot;},&quot;bt_bb_negative_margin_&quot;:{&quot;current_class&quot;:&quot;bt_bb_negative_margin_&quot;,&quot;def&quot;:&quot;&quot;}}\"><div class=\"bt_bb_port\"><div class=\"bt_bb_cell\"><div class=\"bt_bb_cell_inner\"><div class=\"bt_bb_row\"  data-bt-override-class=\"{}\"><div class=\"bt_bb_row_holder\" ><div data-bb-version=\"4.8.0\"  class=\"bt_bb_column col-xxl-12 col-xl-12 col-xs-12 col-sm-12 col-md-12 col-lg-12 bt_bb_vertical_align_top bt_bb_align_left bt_bb_padding_normal\" style=\"; --column-width:12;\" data-width=\"12\" data-bt-override-class=\"{}\"><div class=\"bt_bb_column_content\"><div class=\"bt_bb_column_content_inner\"><div data-bb-version=\"4.8.0\" class=\"bt_bb_separator bt_bb_border_style_none bt_bb_top_spacing_normal bt_bb_bottom_spacing_\" data-bt-override-class=\"{&quot;bt_bb_top_spacing_&quot;:{&quot;current_class&quot;:&quot;bt_bb_top_spacing_normal&quot;,&quot;def&quot;:&quot;normal&quot;},&quot;bt_bb_bottom_spacing_&quot;:{&quot;current_class&quot;:&quot;bt_bb_bottom_spacing_&quot;,&quot;def&quot;:&quot;&quot;}}\"><\/div><header data-bb-version=\"4.8.0\" class=\"bt_bb_headline bt_bb_font_weight_lighter bt_bb_subheadline_text_transform_default bt_bb_color_scheme_9 bt_bb_dash_bottom bt_bb_size_large bt_bb_align_inherit\" style=\"; --primary-color:#000000; --secondary-color:#ffc106;\" data-bt-override-class=\"{&quot;bt_bb_size_&quot;:{&quot;current_class&quot;:&quot;bt_bb_size_large&quot;,&quot;def&quot;:&quot;large&quot;},&quot;bt_bb_align_&quot;:{&quot;current_class&quot;:&quot;bt_bb_align_inherit&quot;,&quot;def&quot;:&quot;inherit&quot;}}\"><h3 class=\"bt_bb_headline_tag\"><span class=\"bt_bb_headline_content\"><span>Termos e Condi\u00e7\u00f5es<\/span><\/span><\/h3><\/header><div data-bb-version=\"4.8.0\" class=\"bt_bb_separator bt_bb_border_style_none bt_bb_top_spacing_normal bt_bb_bottom_spacing_\" data-bt-override-class=\"{&quot;bt_bb_top_spacing_&quot;:{&quot;current_class&quot;:&quot;bt_bb_top_spacing_normal&quot;,&quot;def&quot;:&quot;normal&quot;},&quot;bt_bb_bottom_spacing_&quot;:{&quot;current_class&quot;:&quot;bt_bb_bottom_spacing_&quot;,&quot;def&quot;:&quot;&quot;}}\"><\/div><div data-bb-version=\"4.8.0\" class=\"bt_bb_accordion bt_bb_style_outline bt_bb_shape_round\"><div class=\"bt_bb_accordion_item\"><div class=\"bt_bb_accordion_item_title\">General<\/div><div class=\"bt_bb_accordion_item_content\"><div data-bb-version=\"4.8.0\"  class=\"bt_bb_text\" ><\/p>\n<p>Royi Oil and Gas S.A. de C.V., opera y mantiene este sitio de internet con el prop\u00f3sito de informar, orientar y asistir en forma gratuita a quien lo visita.<\/p>\n<p>\n<\/div><\/div><\/div><div class=\"bt_bb_accordion_item\"><div class=\"bt_bb_accordion_item_title\">Modificaci\u00f3n Unilateral del Sitio<\/div><div class=\"bt_bb_accordion_item_content\"><div data-bb-version=\"4.8.0\"  class=\"bt_bb_text\" ><\/p>\n<p>Royi Oil and Gas S.A. de C.V., se reserva el derecho de, en cualquier momento y sin necesidad de previo aviso, modificar o eliminar el contenido, estructura, dise\u00f1o, servicios y condiciones de acceso y\/o uso de este Sitio.<\/p>\n<p>\n<\/div><\/div><\/div><div class=\"bt_bb_accordion_item\"><div class=\"bt_bb_accordion_item_title\">Enlaces con otros sitios y referencias de otras compa\u00f1\u00edas<\/div><div class=\"bt_bb_accordion_item_content\"><div data-bb-version=\"4.8.0\"  class=\"bt_bb_text\" ><\/p>\n<p>Este Sitio puede incluir enlaces a otros sitios de propiedad de terceros con la \u00fanica finalidad de facilitar a los visitantes una ampliaci\u00f3n de los servicios de informaci\u00f3n y por los que Royi Oil and Gas S.A. de C.V.,\u00a0 no tienen ning\u00fan control editorial. Cuando el Usuario acceda a dichos enlaces, el sitio externo podr\u00e1 aparecer como ventana completa (en cuyo caso el Usuario deber\u00e1 utilizar el bot\u00f3n de atr\u00e1s en su buscador para retornar a este Sitio o en algunos casos podr\u00e1 aparecer dentro del marco de este Sitio (en cuyo caso el Usuario podr\u00e1 regresar a este Sitio utilizando las teclas de navegaci\u00f3n internas del marco). Cuando un sitio externo aparezca dentro del marco de este Sitio, es a los efectos de garantizar la comodidad en la navegaci\u00f3n de regreso a este Sitio y no indica ninguna responsabilidad de parte de Royi Oil and Gas S.A. de C.V., por sobre el sitio externo en cuesti\u00f3n, incluso si es un sitio de propiedad y operado por otra compa\u00f1\u00eda de Royi Oil and Gas S.A. de C.V. Estos enlaces proveen ayuda para encontrar sitios web, servicios y\/o productos relevantes que puedan ser de su inter\u00e9s de manera r\u00e1pida y f\u00e1cil. Queda bajo su responsabilidad decidir si alguno de los servicios y\/o productos disponibles a trav\u00e9s de alguno de estos sitios web son adecuados para sus prop\u00f3sitos. Royi Oil and Gas S.A. de C.V., no asumen responsabilidad alguna por los propietarios y operadores de estos sitios web, por los productos o servicios que proveen o por el contenido de sus sitios web y no contemplan condici\u00f3n, garant\u00eda u otros t\u00e9rminos o manifestaciones en relaci\u00f3n con \u00e9stos o aceptan responsabilidad relacionada con \u00e9stos (incluyendo responsabilidad que surja por un reclamo que el contenido de un sitio externo al cual este Sitio incluya un enlace infrinja los derechos de propiedad intelectual de terceros).<\/p>\n<p>En caso de que alg\u00fan lugar de este Sitio le ofrezca la oportunidad de participar en un foro, solicitamos al Usuario tenga presente que los mensajes que contienen los foros representan las opiniones del individuo que ingres\u00f3 tal mensaje y bajo ning\u00fan concepto deben ser tomadas como opiniones de Royi Oil and Gas S.A. de C.V.<\/p>\n<p>Royi Oil and Gas S.A. de C.V., no se responsabilizan por ning\u00fan mensaje ingresado por los usuarios del foro y no se debe utilizar el foro para enviar o transmitir de alguna manera informaci\u00f3n o im\u00e1genes que sean difamatorias, violatorias de la privacidad ajena o ilegales.<\/p>\n<p>\n<\/div><\/div><\/div><div class=\"bt_bb_accordion_item\"><div class=\"bt_bb_accordion_item_title\">Contenidos<\/div><div class=\"bt_bb_accordion_item_content\"><div data-bb-version=\"4.8.0\"  class=\"bt_bb_text\" ><\/p>\n<p>La informaci\u00f3n o sugerencias que aparecen en este Sitio son de car\u00e1cter general y no deben utilizarse en la toma de decisiones de cualquier \u00edndole. PAMPA ENERG\u00cdA S.A. y sus Afiliadas han dedicado todo su esfuerzo para asegurarse que la informaci\u00f3n contenida en este Sitio es correcta y veraz al momento de su inclusi\u00f3n. No obstante, Royi Oil and Gas S.A. de C.V., no garantizan que de forma inadvertida pudieran producirse imprecisiones en su contenido.<\/p>\n<p>Royi Oil and Gas S.A. de C.V., no garantizan que la informaci\u00f3n, texto, gr\u00e1ficos, v\u00ednculos o el contenido de todos los art\u00edculos incluidos en su Sitio sean exactos o completos, ni tampoco se comprometen a la actualizaci\u00f3n de la informaci\u00f3n contenida en su Sitio. Cualquier referencia en el Sitio de Royi Oil and Gas S.A. de C.V., a cualquier producto, servicio, proceso, enlace hipertexto, o a cualquier otra informaci\u00f3n en que se aluda al nombre comercial y marcas de fabricantes, suministradores y terceros en general no constituyen o implican necesariamente respaldo, patrocinio, o recomendaci\u00f3n por parte de Royi Oil and Gas S.A. de C.V.<\/p>\n<p>En ning\u00fan caso los contenidos del presente Sitio pueden considerarse exhaustivos, completos o exactos ni utilizarse como sustitutos de un dictamen profesional sobre la materia.<\/p>\n<p>El acceso y uso de la informaci\u00f3n contenida en el Sitio es exclusiva responsabilidad de quien los utiliza. El Usuario es responsable de la provisi\u00f3n y adecuada operaci\u00f3n de todos los equipos y software necesarios para acceder a Internet y al Sitio, asumiendo por su exclusiva cuenta los riesgos propios del uso de los mismos. El Usuario no debe modificar de ning\u00fan modo el software o la funcionalidad del Sitio. Sin limitar lo expresado precedentemente, el Usuario no debe introducir ning\u00fan material en el Sitio que contenga rutinas de programaci\u00f3n de computadoras u otro dispositivo que pueda da\u00f1ar, interferir con o interceptar cualquier sistema, datos o informaci\u00f3n.<\/p>\n<p>\n<\/div><\/div><\/div><div class=\"bt_bb_accordion_item\"><div class=\"bt_bb_accordion_item_title\">L\u00edmites de Responsabilidad<\/div><div class=\"bt_bb_accordion_item_content\"><div data-bb-version=\"4.8.0\"  class=\"bt_bb_text\" ><\/p>\n<p>Royi Oil and Gas S.A. de C.V., no se responsabilizan de las posibles consecuencias, da\u00f1os o perjuicios que puedan derivarse por el acceso a su Sitio o por el uso de la informaci\u00f3n o sugerencias que \u00e9ste contenga.Royi Oil and Gas S.A. de C.V., se reservan la facultad de efectuar, en cualquier momento y sin previo aviso, modificaciones en la informaci\u00f3n contenida en el Sitio o en la configuraci\u00f3n y su presentaci\u00f3n. Royi Oil and Gas S.A. de C.V., no asumen ning\u00fan tipo de responsabilidad que se derive de cualquier da\u00f1o y\/o perjuicio de cualquier naturaleza que se pudieran originar al Usuario como consecuencia, entre otros y de forma no taxativa:<\/p>\n<p>El acceso o utilizaci\u00f3n de este Sitio, incluyendo la responsabilidad relacionada con da\u00f1os ocasionados por virus, programas maliciosos o lesivos en los contenidos y\/o cualquier otro agente que pueda llegar a infectar o afectar de cualquier modo el\/los sistema de computaci\u00f3n utilizado por el Usuario. El incumplimiento por parte de terceros de sus obligaciones o compromisos en relaci\u00f3n con los servicios prestados a los usuarios a trav\u00e9s del Sitio. La falta de licitud, calidad, veracidad, utilidad y disponibilidad de los servicios prestados por terceros y puestos a disposici\u00f3n de los usuarios del Sitio. La falta de disponibilidad, continuidad, acceso, mantenimiento y efectivo funcionamiento del Sitio y\/o de sus servicios y\/o actualizaci\u00f3n, exactitud, exhaustividad, pertinencia, actualidad y fiabilidad de sus contenidos, cualquiera sea la causa, y las dificultades o problemas t\u00e9cnicos o de otra naturaleza en los que tengan su origen dichos hechos. La recepci\u00f3n, obtenci\u00f3n, almacenamiento, difusi\u00f3n y\/o transmisi\u00f3n, por parte de los Usuarios, de los contenidos del Sitio.<\/p>\n<p>El Sitio incluye dentro de sus contenidos enlaces con sitios pertenecientes y\/o gestionados por terceros con el objeto de facilitar el acceso a informaci\u00f3n disponible a trav\u00e9s de Internet.<\/p>\n<p>Royi Oil and Gas S.A. de C.V., no asumen ninguna responsabilidad derivada de la existencia de enlaces entre los contenidos de este sitio y contenidos situados fuera del mismo o de cualquier otra menci\u00f3n de contenidos externos a este sitio. Tales enlaces o menciones tienen una finalidad exclusivamente informativa y, en ning\u00fan caso, implican el apoyo, aprobaci\u00f3n, comercializaci\u00f3n o relaci\u00f3n alguna entre Royi Oil and Gas S.A. de C.V., y las personas o entidades autoras y\/o gestoras de tales contenidos o titulares de los sitios donde se encuentren. En este sentido el Usuario se obliga a poner la m\u00e1xima diligencia y prudencia en el caso de acceder o usar contenidos o servicios de los sitios a los que acceda en virtud de los mencionados enlaces.<\/p>\n<p>La enumeraci\u00f3n anterior tiene mero car\u00e1cter enunciativo y, en ning\u00fan caso, exclusivo ni excluyente en ninguno de sus puntos. En todos los supuestos, Royi Oil and Gas S.A. de C.V., excluyen cualquier responsabilidad por los da\u00f1os y perjuicios de cualquier naturaleza derivados directa o indirectamente de los mismos y de cualquier otro caso no especificado de an\u00e1logas caracter\u00edsticas.<\/p>\n<p>\n<\/div><\/div><\/div><div class=\"bt_bb_accordion_item\"><div class=\"bt_bb_accordion_item_title\">Derechos de propiedad intelectual<\/div><div class=\"bt_bb_accordion_item_content\"><div data-bb-version=\"4.8.0\"  class=\"bt_bb_text\" ><\/p>\n<p>Los nombres y logos de PAMPA ENERG\u00cdA S.A. y sus Afiliadas son marcas registradas de PAMPA ENERG\u00cdA S.A. y sus Afiliadas. No se autoriza el uso de ning\u00fan nombre o marca de PAMPA ENERG\u00cdA S.A. y sus Afiliadas sin el consentimiento otorgado por escrito por PAMPA ENERG\u00cdA S.A. o sus Afiliadas.<\/p>\n<p>Los derechos de propiedad intelectual y cualesquiera otros derechos sobre el material contenido en esta Web pertenecen a Royi Oil and Gas S.A. de C.V., se rigen por la normativa MEXICANA vigente en el momento de su inclusi\u00f3n en este Sitio. Los visitantes podr\u00e1n utilizar copias de los documentos e informaci\u00f3n contenidos en este Sitio con fines exclusivamente privados y dom\u00e9sticos.<\/p>\n<p>El Usuario no est\u00e1 autorizado a reproducir, difundir, retransmitir o publicar los contenidos a trav\u00e9s de ning\u00fan medio o soporte, sin el previo consentimiento de Royi Oil and Gas S.A. de C.V. Cualquier reproducci\u00f3n y utilizaci\u00f3n de copias con fines distintos o sin consentimiento de Royi Oil and Gas S.A. de C.V. est\u00e1 expresamente prohibido.<\/p>\n<p>\n<\/div><\/div><\/div><div class=\"bt_bb_accordion_item\"><div class=\"bt_bb_accordion_item_title\">Contacto con nuestro Webmaster<\/div><div class=\"bt_bb_accordion_item_content\"><div data-bb-version=\"4.8.0\"  class=\"bt_bb_text\" ><\/p>\n<p>Si tiene comentarios, preguntas, o sugerencias de car\u00e1cter t\u00e9cnico acerca de este Sitio, o si quiere comunicar posibles fallos o errores en \u00e9l detectados, por favor env\u00ede un e-mail a: webmaster@royioyg.com<\/p>\n<p>\n<\/div><\/div><\/div><div class=\"bt_bb_accordion_item\"><div class=\"bt_bb_accordion_item_title\">Ley y Jurisdicci\u00f3n Aplicable<\/div><div class=\"bt_bb_accordion_item_content\"><div data-bb-version=\"4.8.0\"  class=\"bt_bb_text\" ><\/p>\n<p>Los presentes T\u00e9rminos y Condiciones de Uso y la se regir\u00e1n por las leyes y los tribunales de la Rep\u00fablica Argentina. Cualquier controversia entre Royi Oil and Gas S.A. de C.V., en relaci\u00f3n con el Sitio ser\u00e1 ser sometida a los Tribunales Nacionales Ordinarios competentes de la Capital Federal en Ciudad de M\u00e9xico, renunciando a cualquier otro fuero o jurisdicci\u00f3n que resultare aplicable.<\/p>\n<p>\n<\/div><\/div><\/div><div class=\"bt_bb_accordion_item\"><div class=\"bt_bb_accordion_item_title\">Inexistencia de Licencia<\/div><div class=\"bt_bb_accordion_item_content\"><div data-bb-version=\"4.8.0\"  class=\"bt_bb_text\" ><\/p>\n<p>Mediante el uso del Sitio el Usuario no recibe ninguna licencia o autorizaci\u00f3n, expresa o t\u00e1cita, en virtud de ning\u00fan derecho de patente o derecho de secretos comerciales que sean propiedad, est\u00e9n controlados o bajo la posesi\u00f3n, actual o futura, de Royi Oil and Gas S.A. de C.V.<\/p>\n<p>\n<\/div><\/div><\/div><div class=\"bt_bb_accordion_item\"><div class=\"bt_bb_accordion_item_title\">Uso del Sitio. Exclusi\u00f3n de garant\u00edas<\/div><div class=\"bt_bb_accordion_item_content\"><div data-bb-version=\"4.8.0\"  class=\"bt_bb_text\" ><\/p>\n<p>El Usuario se compromete a utilizar el Sitio y sus servicios y contenidos sin contravenir la legislaci\u00f3n aplicable, la buena fe y el orden p\u00fablico. En consecuencia, queda prohibido todo uso con fines il\u00edcitos o que perjudiquen o impidan, puedan da\u00f1ar y\/o sobrecargar, de cualquier forma, la utilizaci\u00f3n y normal funcionamiento del Sitio o directa o indirectamente atenten contra el mismo o contra cualquier derecho de un tercero.<\/p>\n<p>\n<\/div><\/div><\/div><\/div><div data-bb-version=\"4.8.0\" class=\"bt_bb_separator bt_bb_border_style_solid bt_bb_top_spacing_medium bt_bb_bottom_spacing_ bt_bb_color_accent\" data-bt-override-class=\"{&quot;bt_bb_top_spacing_&quot;:{&quot;current_class&quot;:&quot;bt_bb_top_spacing_medium&quot;,&quot;def&quot;:&quot;medium&quot;},&quot;bt_bb_bottom_spacing_&quot;:{&quot;current_class&quot;:&quot;bt_bb_bottom_spacing_&quot;,&quot;def&quot;:&quot;&quot;}}\"><\/div><\/div><\/div><\/div><\/div><\/div><\/div><!-- cell_inner --><\/div><!-- cell --><\/div><!-- port --><\/section>","protected":false},"excerpt":{"rendered":"","protected":false},"author":1,"featured_media":0,"parent":0,"menu_order":0,"comment_status":"closed","ping_status":"closed","template":"","meta":{"footnotes":""},"class_list":["post-5682","page","type-page","status-publish","hentry"],"meta_box":{"boldthemes_theme_menu_name":"","boldthemes_theme_footer_menu_name":"","boldthemes_theme_override":["boldthemes_theme_sidebar:right","boldthemes_theme_logo:https:\/\/royioyg.com\/wp-content\/uploads\/2023\/12\/royi-logo.png","boldthemes_theme_alt_logo:https:\/\/royioyg.com\/wp-content\/uploads\/2023\/12\/royi-white.png","boldthemes_theme_hide_headline:true"]},"_links":{"self":[{"href":"https:\/\/royioyg.com\/pt\/wp-json\/wp\/v2\/pages\/5682"}],"collection":[{"href":"https:\/\/royioyg.com\/pt\/wp-json\/wp\/v2\/pages"}],"about":[{"href":"https:\/\/royioyg.com\/pt\/wp-json\/wp\/v2\/types\/page"}],"author":[{"embeddable":true,"href":"https:\/\/royioyg.com\/pt\/wp-json\/wp\/v2\/users\/1"}],"replies":[{"embeddable":true,"href":"https:\/\/royioyg.com\/pt\/wp-json\/wp\/v2\/comments?post=5682"}],"version-history":[{"count":7,"href":"https:\/\/royioyg.com\/pt\/wp-json\/wp\/v2\/pages\/5682\/revisions"}],"predecessor-version":[{"id":5690,"href":"https:\/\/royioyg.com\/pt\/wp-json\/wp\/v2\/pages\/5682\/revisions\/5690"}],"wp:attachment":[{"href":"https:\/\/royioyg.com\/pt\/wp-json\/wp\/v2\/media?parent=5682"}],"curies":[{"name":"wp","href":"https:\/\/api.w.org\/{rel}","templated":true}]}}