{"id":5675,"date":"2024-02-11T10:54:03","date_gmt":"2024-02-11T09:54:03","guid":{"rendered":"https:\/\/royioyg.com\/?page_id=5675"},"modified":"2024-02-11T11:08:19","modified_gmt":"2024-02-11T10:08:19","slug":"politica-de-privacidad","status":"publish","type":"page","link":"https:\/\/royioyg.com\/pt\/politica-de-privacidad\/","title":{"rendered":"pol\u00edtica de Privacidade"},"content":{"rendered":"<section data-bb-version=\"4.8.0\" id=\"bt_bb_section69e35697d7cfc\" class=\"bt_bb_section bt_bb_layout_wide bt_bb_vertical_align_top bt_bb_top_spacing_none bt_bb_bottom_spacing_none bt_bb_negative_margin_\"  data-bt-override-class=\"{&quot;bt_bb_top_spacing_&quot;:{&quot;current_class&quot;:&quot;bt_bb_top_spacing_none&quot;,&quot;def&quot;:&quot;none&quot;},&quot;bt_bb_bottom_spacing_&quot;:{&quot;current_class&quot;:&quot;bt_bb_bottom_spacing_none&quot;,&quot;def&quot;:&quot;none&quot;},&quot;bt_bb_negative_margin_&quot;:{&quot;current_class&quot;:&quot;bt_bb_negative_margin_&quot;,&quot;def&quot;:&quot;&quot;}}\"><div class=\"bt_bb_port\"><div class=\"bt_bb_cell\"><div class=\"bt_bb_cell_inner\"><div class=\"bt_bb_row\"  data-bt-override-class=\"{}\"><div class=\"bt_bb_row_holder\" ><div data-bb-version=\"4.8.0\"  class=\"bt_bb_column col-xxl-12 col-xl-12 col-xs-12 col-sm-12 col-md-12 col-lg-12 bt_bb_vertical_align_top bt_bb_align_left bt_bb_padding_normal\" style=\"; --column-width:12;\" data-width=\"12\" data-bt-override-class=\"{}\"><div class=\"bt_bb_column_content\"><div class=\"bt_bb_column_content_inner\"><div data-bb-version=\"4.8.0\" class=\"bt_bb_separator bt_bb_border_style_none bt_bb_top_spacing_normal bt_bb_bottom_spacing_\" data-bt-override-class=\"{&quot;bt_bb_top_spacing_&quot;:{&quot;current_class&quot;:&quot;bt_bb_top_spacing_normal&quot;,&quot;def&quot;:&quot;normal&quot;},&quot;bt_bb_bottom_spacing_&quot;:{&quot;current_class&quot;:&quot;bt_bb_bottom_spacing_&quot;,&quot;def&quot;:&quot;&quot;}}\"><\/div><header data-bb-version=\"4.8.0\" class=\"bt_bb_headline bt_bb_font_weight_lighter bt_bb_subheadline_text_transform_default bt_bb_color_scheme_9 bt_bb_dash_bottom bt_bb_size_large bt_bb_align_inherit\" style=\"; --primary-color:#000000; --secondary-color:#ffc106;\" data-bt-override-class=\"{&quot;bt_bb_size_&quot;:{&quot;current_class&quot;:&quot;bt_bb_size_large&quot;,&quot;def&quot;:&quot;large&quot;},&quot;bt_bb_align_&quot;:{&quot;current_class&quot;:&quot;bt_bb_align_inherit&quot;,&quot;def&quot;:&quot;inherit&quot;}}\"><h3 class=\"bt_bb_headline_tag\"><span class=\"bt_bb_headline_content\"><span>pol\u00edtica de Privacidade<\/span><\/span><\/h3><\/header><div data-bb-version=\"4.8.0\" class=\"bt_bb_separator bt_bb_border_style_none bt_bb_top_spacing_normal bt_bb_bottom_spacing_\" data-bt-override-class=\"{&quot;bt_bb_top_spacing_&quot;:{&quot;current_class&quot;:&quot;bt_bb_top_spacing_normal&quot;,&quot;def&quot;:&quot;normal&quot;},&quot;bt_bb_bottom_spacing_&quot;:{&quot;current_class&quot;:&quot;bt_bb_bottom_spacing_&quot;,&quot;def&quot;:&quot;&quot;}}\"><\/div><div data-bb-version=\"4.8.0\"  class=\"bt_bb_text\" ><\/p>\n<p>Los datos personales de los visitantes que se obtengan como consecuencia de su acceso al Sitio estar\u00e1n sujetos a la presente pol\u00edtica de privacidad.<\/p>\n<p>Royi Oil and Gas S.A. de C.V., \u00a0garantiza la seguridad y confidencialidad de los datos facilitados por sus clientes, adoptando niveles de seguridad de protecci\u00f3n de los datos personales razonablemente eficaces, e instalando todos los medios y medidas t\u00e9cnicas a su alcance y disponibles en la industria para evitar, la p\u00e9rdida, mal uso, alteraci\u00f3n, acceso no autorizado y robo de los datos personales.<\/p>\n<p>No obstante, el visitante deber\u00e1 tener presente que las condiciones de seguridad que ofrece actualmente Internet no son inviolables y que la protecci\u00f3n de la informaci\u00f3n personal online ingresada voluntaria, no es absoluta.<\/p>\n<p>Asimismo, el mantenimiento y hosting del sitio Web pueden ser prestados por terceros, cuyas medidas de seguridad y protecci\u00f3n de datos no est\u00e1n bajo la custodia de Royi Oil and Gas S.A. de C.V.,\u00a0 y por quienes \u00e9sta no est\u00e1 obligada a responder.<\/p>\n<p>Por lo tanto, Royi Oil and Gas S.A. de C.V., no se har\u00e1 responsable bajo ninguna circunstancia, por la difusi\u00f3n de los datos personales de nuestros visitantes efectuada por fuentes ajenas a \u00e9sta ni ser\u00e1 responsable por los da\u00f1os y perjuicios que la misma genere. Royi Oil and Gas S.A. de C.V., tampoco se har\u00e1 responsable por los accesos ilegales o violaci\u00f3n de sus sistemas o bases de datos por parte de personas no autorizadas. Tampoco se har\u00e1 responsable por la indebida utilizaci\u00f3n de la informaci\u00f3n obtenida por tales medios.<\/p>\n<p>El Sitio re\u00fane la informaci\u00f3n contenida en sus bases de datos, cuando el visitante los ingresa de manera directa. Esta informaci\u00f3n ser\u00e1 utilizada por el personal encargado del Sitio o terceros contratados, con la finalidad de enviar la informaci\u00f3n expresamente autorizada por los usuarios o para responder las consultas y\/o pedido de informaci\u00f3n realizados por los visitantes. Los servicios de informaci\u00f3n por correo electr\u00f3nico que ofrecemos se realizan con el expreso consentimiento de los usuarios. Estos pueden editar la informaci\u00f3n con la que se registraron o suscribieron o cancelar el servicio en cualquier momento.<\/p>\n<p><strong>Uso de Cookies.<\/strong><br \/>\nRoyi Oil and Gas S.A. de C.V., se reserva el derecho de uso de \u00abCookies\u00bb. Los Cookies son archivos de texto de peque\u00f1o volumen de datos que un servidor Web env\u00eda a su programa navegador, y los cuales se almacenan en el disco r\u00edgido de su m\u00e1quina, con una duraci\u00f3n limitada en el tiempo. Son utilizados con el fin de conocer el comportamiento, los intereses y preferencias de navegaci\u00f3n de quienes visitan el sitio Web y as\u00ed adecuar los contenidos y prestaciones del mismo.<\/p>\n<p>Los Cookies no representan amenaza ni para la privacidad ni para la seguridad de sus datos. Los Cookies \u00fanicamente se asocian con el visitante y su ordenador de forma an\u00f3nima y no proporcionan en s\u00ed el nombre y apellido de los visitantes del sitio.<\/p>\n<p>El visitante puede limitar la instalaci\u00f3n y\/o permanencia de las Cookies en su ordenador, configurando su navegador para ser avisado en pantalla de la recepci\u00f3n de Cookies e impidiendo la instalaci\u00f3n de Cookies en su disco r\u00edgido.<\/p>\n<p>\n<\/div><div data-bb-version=\"4.8.0\" class=\"bt_bb_separator bt_bb_border_style_solid bt_bb_top_spacing_medium bt_bb_bottom_spacing_ bt_bb_color_accent\" data-bt-override-class=\"{&quot;bt_bb_top_spacing_&quot;:{&quot;current_class&quot;:&quot;bt_bb_top_spacing_medium&quot;,&quot;def&quot;:&quot;medium&quot;},&quot;bt_bb_bottom_spacing_&quot;:{&quot;current_class&quot;:&quot;bt_bb_bottom_spacing_&quot;,&quot;def&quot;:&quot;&quot;}}\"><\/div><\/div><\/div><\/div><\/div><\/div><\/div><!-- cell_inner --><\/div><!-- cell --><\/div><!-- port --><\/section>","protected":false},"excerpt":{"rendered":"","protected":false},"author":1,"featured_media":5562,"parent":0,"menu_order":0,"comment_status":"closed","ping_status":"closed","template":"","meta":{"footnotes":""},"class_list":["post-5675","page","type-page","status-publish","has-post-thumbnail","hentry"],"meta_box":{"boldthemes_theme_menu_name":"","boldthemes_theme_footer_menu_name":"","boldthemes_theme_override":["boldthemes_theme_sidebar:right","boldthemes_theme_logo:https:\/\/royioyg.com\/wp-content\/uploads\/2023\/12\/royi-logo.png","boldthemes_theme_alt_logo:https:\/\/royioyg.com\/wp-content\/uploads\/2023\/12\/royi-white.png","boldthemes_theme_hide_headline:true"]},"_links":{"self":[{"href":"https:\/\/royioyg.com\/pt\/wp-json\/wp\/v2\/pages\/5675"}],"collection":[{"href":"https:\/\/royioyg.com\/pt\/wp-json\/wp\/v2\/pages"}],"about":[{"href":"https:\/\/royioyg.com\/pt\/wp-json\/wp\/v2\/types\/page"}],"author":[{"embeddable":true,"href":"https:\/\/royioyg.com\/pt\/wp-json\/wp\/v2\/users\/1"}],"replies":[{"embeddable":true,"href":"https:\/\/royioyg.com\/pt\/wp-json\/wp\/v2\/comments?post=5675"}],"version-history":[{"count":5,"href":"https:\/\/royioyg.com\/pt\/wp-json\/wp\/v2\/pages\/5675\/revisions"}],"predecessor-version":[{"id":5681,"href":"https:\/\/royioyg.com\/pt\/wp-json\/wp\/v2\/pages\/5675\/revisions\/5681"}],"wp:featuredmedia":[{"embeddable":true,"href":"https:\/\/royioyg.com\/pt\/wp-json\/wp\/v2\/media\/5562"}],"wp:attachment":[{"href":"https:\/\/royioyg.com\/pt\/wp-json\/wp\/v2\/media?parent=5675"}],"curies":[{"name":"wp","href":"https:\/\/api.w.org\/{rel}","templated":true}]}}