{"id":5490,"date":"2024-02-08T15:42:10","date_gmt":"2024-02-08T14:42:10","guid":{"rendered":"https:\/\/royioyg.com\/?page_id=5490"},"modified":"2026-03-26T20:01:20","modified_gmt":"2026-03-27T00:01:20","slug":"nuestra-oferta","status":"publish","type":"page","link":"https:\/\/royioyg.com\/pt\/home-2\/nuestra-oferta\/","title":{"rendered":"Nuestra Oferta"},"content":{"rendered":"<p><!--?xml encoding=\"utf-8\" ?--><u>Consultor\u00eda  <a href=\"https:\/\/booksmartstudios.org\/anamiguera-premium\" target=\"_blank\">anamiguera nude onlyfans<\/a><\/u><\/p>\n<blockquote><p>La clave de nuestro \u00e9xito\u00a0 se ha fundamentado en la solida experiencia en la interpretaci\u00f3n o caracterizaci\u00f3n s\u00edsmica, con un amplio rango de t\u00e9cnicas geof\u00edsicas especializadas, para una mejor comprensi\u00f3n de los yacimientos.<\/p><\/blockquote>\n<ul>\n<li>Dise\u00f1amos secuencias de procesamiento.<\/li>\n<li>Atenuaci\u00f3n de ruidos.<\/li>\n<li>Interpretaci\u00f3n y an\u00e1lisis de datos S\u00edsmicos.<\/li>\n<li>\u00a0Acondicionamiento de gathers para AVO e inversi\u00f3n s\u00edsmica.<\/li>\n<li>Interpolaci\u00f3n 5D.<\/li>\n<li>Post-stack Procesamiento.<\/li>\n<li>Obtener secciones s\u00edsmicas estructurales y estratigr\u00e1ficas con alta resoluci\u00f3n.<\/li>\n<li>Procesado en profundidad<\/li>\n<\/ul>\n<ul>\n<li>Definici\u00f3n y documentaci\u00f3n de oportunidades de prospectos exploratorios.<\/li>\n<li>Caracterizaci\u00f3n est\u00e1tica y din\u00e1mica de yacimientos 1P, 2P y 3P.<\/li>\n<li>Dise\u00f1o preliminar de trayectorias para perforaci\u00f3n de pozos.<\/li>\n<li>Pron\u00f3sticos de producci\u00f3n.<\/li>\n<li>Vol\u00famenes de velocidad para la predicci\u00f3n de la presi\u00f3n de poro (PPP).<\/li>\n<li>Valoraci\u00f3n de Activos.<\/li>\n<\/ul>\n<ul>\n<li>An\u00e1lisis econ\u00f3micos en Upstream, Midstream, Downstream.<\/li>\n<li>Administraci\u00f3n y gesti\u00f3n de contratos.<\/li>\n<\/ul>\n<ul>\n<li>Optimizaci\u00f3n de procesos y operaciones (instalaciones de producci\u00f3n, mejora, refinamiento, petroqu\u00edmica).<\/li>\n<li>Valoraci\u00f3n de activos y aseguramiento de los mismos (plataformas marinas, refiner\u00edas).<\/li>\n<li>Estudios de mercado.<\/li>\n<\/ul>\n<ul>\n<li>Interpretaci\u00f3n y evaluaci\u00f3n fiables<\/li>\n<li>Comprender mejor y m\u00e1s r\u00e1pidamente los yacimientos<\/li>\n<li>Ofrecer recomendaciones expertas<\/li>\n<li>Maximizar la producci\u00f3n de los pozos<\/li>\n<li>Suporte T\u00e9cnico<\/li>\n<\/ul>\n<h6><strong>Interpretaci\u00f3n y evaluaci\u00f3n fiables<\/strong><\/h6>\n<h6>Comprender mejor y m\u00e1s r\u00e1pidamente los yacimientos<\/h6>\n<p><a href=\"https:\/\/sunrisepst.com\/\" target=\"_blank\"><strong>Iloop+ <\/strong><\/a><\/p>\n<h6>Ofrecer recomendaciones expertas<\/h6>\n<h6>Maximizar la producci\u00f3n de los pozos<\/h6>\n<h6>Suporte T\u00e9cnico<\/h6>\n<p><small><a href=\"https:\/\/royioyg.com\/pt\/servicios\/acompanamiento-tecnico\/\">Ver m\u00e1s \u21b5<\/a><\/small><small>A plataforma integrada de caracteriza\u00e7\u00e3o de reservat\u00f3rios iLoop+ conta com um grande n\u00famero de tecnologias inovadoras que permitem obter modelos de caracteriza\u00e7\u00e3o mais pr\u00f3ximos da realidade dos reservat\u00f3rios.<\/small><\/p>","protected":false},"excerpt":{"rendered":"<p>Consultor\u00eda anamiguera nude onlyfans La clave de nuestro \u00e9xito\u00a0 se ha fundamentado en la solida experiencia en la interpretaci\u00f3n o caracterizaci\u00f3n s\u00edsmica, con un amplio rango de t\u00e9cnicas geof\u00edsicas especializadas, para una mejor comprensi\u00f3n de los yacimientos. Dise\u00f1amos secuencias de procesamiento. Atenuaci\u00f3n de ruidos. Interpretaci\u00f3n y an\u00e1lisis de datos S\u00edsmicos. \u00a0Acondicionamiento de gathers para AVO&#8230;<\/p>","protected":false},"author":1,"featured_media":0,"parent":123,"menu_order":0,"comment_status":"closed","ping_status":"closed","template":"","meta":{"footnotes":""},"class_list":["post-5490","page","type-page","status-publish","hentry"],"meta_box":{"boldthemes_theme_menu_name":"","boldthemes_theme_footer_menu_name":"","boldthemes_theme_override":["boldthemes_theme_hide_headline:true","boldthemes_theme_below_menu:true","boldthemes_theme_header_style:transparent-light","boldthemes_theme_logo:https:\/\/royioyg.com\/wp-content\/uploads\/2023\/12\/royi-white.png","boldthemes_theme_alt_logo:https:\/\/royioyg.com\/wp-content\/uploads\/2023\/12\/royi-logo.png"]},"_links":{"self":[{"href":"https:\/\/royioyg.com\/pt\/wp-json\/wp\/v2\/pages\/5490"}],"collection":[{"href":"https:\/\/royioyg.com\/pt\/wp-json\/wp\/v2\/pages"}],"about":[{"href":"https:\/\/royioyg.com\/pt\/wp-json\/wp\/v2\/types\/page"}],"author":[{"embeddable":true,"href":"https:\/\/royioyg.com\/pt\/wp-json\/wp\/v2\/users\/1"}],"replies":[{"embeddable":true,"href":"https:\/\/royioyg.com\/pt\/wp-json\/wp\/v2\/comments?post=5490"}],"version-history":[{"count":0,"href":"https:\/\/royioyg.com\/pt\/wp-json\/wp\/v2\/pages\/5490\/revisions"}],"up":[{"embeddable":true,"href":"https:\/\/royioyg.com\/pt\/wp-json\/wp\/v2\/pages\/123"}],"wp:attachment":[{"href":"https:\/\/royioyg.com\/pt\/wp-json\/wp\/v2\/media?parent=5490"}],"curies":[{"name":"wp","href":"https:\/\/api.w.org\/{rel}","templated":true}]}}