{"id":5759,"date":"2024-02-16T16:34:11","date_gmt":"2024-02-16T15:34:11","guid":{"rendered":"https:\/\/royioyg.com\/?page_id=5759"},"modified":"2026-02-06T20:06:48","modified_gmt":"2026-02-07T00:06:48","slug":"simulacion-de-yacimientos","status":"publish","type":"page","link":"https:\/\/royioyg.com\/fr\/simulacion-de-yacimientos\/","title":{"rendered":"Simulation num\u00e9rique de r\u00e9servoir"},"content":{"rendered":"<p><!--?xml encoding=\"utf-8\" ?--><small>La plateforme int\u00e9gr\u00e9e de caract\u00e9risation des r\u00e9servoirs iLoop+ dispose d&#039;un grand nombre de technologies innovantes qui permettent d&#039;obtenir des mod\u00e8les de caract\u00e9risation plus proches de la r\u00e9alit\u00e9 des r\u00e9servoirs.  <a href=\"https:\/\/hotbare.fun\/\" target=\"_blank\">cuckoby nude for public Cuckold Experience Malee<\/a><\/small><\/p>","protected":false},"excerpt":{"rendered":"<p>Ajuste Hist\u00f3rico | Optimizaci\u00f3n de Producci\u00f3n | Workflows Riesgo e Incertidumbre.<\/p>","protected":false},"author":1,"featured_media":5845,"parent":0,"menu_order":0,"comment_status":"closed","ping_status":"closed","template":"","meta":{"footnotes":""},"class_list":["post-5759","page","type-page","status-publish","has-post-thumbnail","hentry"],"meta_box":{"boldthemes_theme_menu_name":"","boldthemes_theme_footer_menu_name":"","boldthemes_theme_override":["boldthemes_theme_sidebar:right","boldthemes_theme_logo:https:\/\/royioyg.com\/wp-content\/uploads\/2023\/12\/royi-logo.png","boldthemes_theme_alt_logo:https:\/\/royioyg.com\/wp-content\/uploads\/2023\/12\/royi-white.png"]},"_links":{"self":[{"href":"https:\/\/royioyg.com\/fr\/wp-json\/wp\/v2\/pages\/5759"}],"collection":[{"href":"https:\/\/royioyg.com\/fr\/wp-json\/wp\/v2\/pages"}],"about":[{"href":"https:\/\/royioyg.com\/fr\/wp-json\/wp\/v2\/types\/page"}],"author":[{"embeddable":true,"href":"https:\/\/royioyg.com\/fr\/wp-json\/wp\/v2\/users\/1"}],"replies":[{"embeddable":true,"href":"https:\/\/royioyg.com\/fr\/wp-json\/wp\/v2\/comments?post=5759"}],"version-history":[{"count":0,"href":"https:\/\/royioyg.com\/fr\/wp-json\/wp\/v2\/pages\/5759\/revisions"}],"wp:featuredmedia":[{"embeddable":true,"href":"https:\/\/royioyg.com\/fr\/wp-json\/wp\/v2\/media\/5845"}],"wp:attachment":[{"href":"https:\/\/royioyg.com\/fr\/wp-json\/wp\/v2\/media?parent=5759"}],"curies":[{"name":"wp","href":"https:\/\/api.w.org\/{rel}","templated":true}]}}