{"id":4906,"date":"2024-01-24T14:50:28","date_gmt":"2024-01-24T13:50:28","guid":{"rendered":"https:\/\/royioyg.com\/?page_id=4906"},"modified":"2024-01-30T16:04:58","modified_gmt":"2024-01-30T15:04:58","slug":"ingenieriadepetroleo","status":"publish","type":"page","link":"https:\/\/royioyg.com\/fr\/servicios\/ingenieriadepetroleo\/","title":{"rendered":"Servicios de Ingenier\u00eda de Petr\u00f3leo"},"content":{"rendered":"<p><section data-bb-version=\"4.7.6\" id=\"bt_bb_section69e031af08f63\" class=\"bt_bb_section bt_bb_layout_boxed_800 bt_bb_vertical_align_top bt_bb_top_spacing_none bt_bb_bottom_spacing_none bt_bb_negative_margin_\"  data-bt-override-class=\"{&quot;bt_bb_top_spacing_&quot;:{&quot;current_class&quot;:&quot;bt_bb_top_spacing_none&quot;,&quot;def&quot;:&quot;none&quot;},&quot;bt_bb_bottom_spacing_&quot;:{&quot;current_class&quot;:&quot;bt_bb_bottom_spacing_none&quot;,&quot;def&quot;:&quot;none&quot;},&quot;bt_bb_negative_margin_&quot;:{&quot;current_class&quot;:&quot;bt_bb_negative_margin_&quot;,&quot;def&quot;:&quot;&quot;}}\"><div class=\"bt_bb_port\"><div class=\"bt_bb_cell\"><div class=\"bt_bb_cell_inner\"><div class=\"bt_bb_row\"  data-bt-override-class=\"{}\"><div class=\"bt_bb_row_holder\" ><div data-bb-version=\"4.7.6\"  class=\"bt_bb_column col-xxl-12 col-xl-12 col-xs-12 col-sm-12 col-md-12 col-lg-12 bt_bb_vertical_align_top bt_bb_align_left bt_bb_padding_normal\" style=\"; --column-width:12;\" data-width=\"12\" data-bt-override-class=\"{}\"><div class=\"bt_bb_column_content\"><div class=\"bt_bb_column_content_inner\"><header data-bb-version=\"4.7.6\" class=\"bt_bb_headline bt_bb_subheadline_text_transform_default bt_bb_dash_top bt_bb_size_normal bt_bb_align_inherit\" data-bt-override-class=\"{&quot;bt_bb_size_&quot;:{&quot;current_class&quot;:&quot;bt_bb_size_normal&quot;,&quot;def&quot;:&quot;normal&quot;},&quot;bt_bb_align_&quot;:{&quot;current_class&quot;:&quot;bt_bb_align_inherit&quot;,&quot;def&quot;:&quot;inherit&quot;}}\"><h2 class=\"bt_bb_headline_tag\"><span class=\"bt_bb_headline_content\"><span>Visi\u00f3n General<\/span><\/span><\/h2><\/header><div data-bb-version=\"4.7.6\" class=\"bt_bb_separator bt_bb_border_style_none bt_bb_top_spacing_40 bt_bb_bottom_spacing_\" data-bt-override-class=\"{&quot;bt_bb_top_spacing_&quot;:{&quot;current_class&quot;:&quot;bt_bb_top_spacing_40&quot;,&quot;def&quot;:&quot;40&quot;},&quot;bt_bb_bottom_spacing_&quot;:{&quot;current_class&quot;:&quot;bt_bb_bottom_spacing_&quot;,&quot;def&quot;:&quot;&quot;}}\"><\/div><div data-bb-version=\"4.7.6\"  class=\"bt_bb_text\" ><\/p>\n<p>Nuestros servicios de ingenier\u00eda de petroleo le ayudan a maximizar el potencial de sus activos productivos. Cuente con nuestro enfoque integral de gesti\u00f3n de activos para ayudarle a optimizar su producci\u00f3n a largo plazo, minimizando los riesgos e incertidumbre.<\/p>\n<p>\n<\/div><div data-bb-version=\"4.7.6\" class=\"bt_bb_separator bt_bb_border_style_none bt_bb_top_spacing_50 bt_bb_bottom_spacing_\" data-bt-override-class=\"{&quot;bt_bb_top_spacing_&quot;:{&quot;current_class&quot;:&quot;bt_bb_top_spacing_50&quot;,&quot;def&quot;:&quot;50&quot;},&quot;bt_bb_bottom_spacing_&quot;:{&quot;current_class&quot;:&quot;bt_bb_bottom_spacing_&quot;,&quot;def&quot;:&quot;&quot;}}\"><\/div><header data-bb-version=\"4.7.6\" class=\"bt_bb_headline bt_bb_font_weight_thin bt_bb_subheadline_text_transform_default bt_bb_dash_none bt_bb_size_small bt_bb_align_inherit\" data-bt-override-class=\"{&quot;bt_bb_size_&quot;:{&quot;current_class&quot;:&quot;bt_bb_size_small&quot;,&quot;def&quot;:&quot;small&quot;},&quot;bt_bb_align_&quot;:{&quot;current_class&quot;:&quot;bt_bb_align_inherit&quot;,&quot;def&quot;:&quot;inherit&quot;}}\"><h2 class=\"bt_bb_headline_tag\"><span class=\"bt_bb_headline_content\"><span>Saque m\u00e1s partido a sus activos con soluciones integrales.<\/span><\/span><\/h2><\/header><div data-bb-version=\"4.7.6\" class=\"bt_bb_separator bt_bb_border_style_none bt_bb_top_spacing_25 bt_bb_bottom_spacing_\" data-bt-override-class=\"{&quot;bt_bb_top_spacing_&quot;:{&quot;current_class&quot;:&quot;bt_bb_top_spacing_25&quot;,&quot;def&quot;:&quot;25&quot;},&quot;bt_bb_bottom_spacing_&quot;:{&quot;current_class&quot;:&quot;bt_bb_bottom_spacing_&quot;,&quot;def&quot;:&quot;&quot;}}\"><\/div><div data-bb-version=\"4.7.6\"  class=\"bt_bb_text\" ><\/p>\n<p>Abordamos el plan de producci\u00f3n en yacimientos complejos, desde una perspectiva integral, la cual incluye estudios detallados de caracterizaci\u00f3n, m\u00e9todos de explotaci\u00f3n y gerencia de los yacimientos. Tanto si produce a partir de pozos convencionales en tierra o de un yacimientos marinos profundo a muchos kil\u00f3metros de la costa, es posible que sus estrategias de producci\u00f3n actuales est\u00e9n dejando sin explotar una parte sustancial de sus reservas.<\/p>\n<p>Este enfoque integral le ofrece soluciones espec\u00edficas para mejorar el rendimiento de los activos en cada fase del ciclo de vida de la producci\u00f3n:<\/p>\n<ul>\n<li>Optimizar sus planes de desarrollo con un profundo entendimiento de sus impulsores t\u00e9cnicos y comerciales.<\/li>\n<\/ul>\n<ul>\n<li>Asegure un dise\u00f1o coherente del sistema y la integraci\u00f3n de la tecnolog\u00eda con nuestras estrategias de implantaci\u00f3n de soluciones integrales.<\/li>\n<\/ul>\n<ul>\n<li>Maximice su productividad a largo plazo con la colaboraci\u00f3n y el seguimiento continuo del proceso durante la exploraci\u00f3n, desarrollo y operaciones.<\/li>\n<\/ul>\n<ul>\n<li>Identificar oportunidades de mejora mediante la supervisi\u00f3n continua del comportamiento, la actualizaci\u00f3n de los modelos de yacimientos y la aplicaci\u00f3n de estrategias de mejora de la producci\u00f3n.<\/li>\n<\/ul>\n<p>Los servicios de ingenier\u00eda de petr\u00f3leo le ayudar\u00e1n a reducir sus incertidumbres y a afrontar las complejidades e interfaces para optimizar la producci\u00f3n de cada pozo, maximizar los ingresos del yacimiento, minimizar las costosas intervenciones y aumentar los recursos recuperables.<\/p>\n<p>P\u00f3ngase en contacto con nosotros hoy mismo para saber c\u00f3mo nuestros servicios de Ingenier\u00eda del petr\u00f3leo pueden ofrecerle una visi\u00f3n integral de sus activos productivos para maximizar su potencial de producci\u00f3n a largo plazo.<\/p>\n<p>\u00a1Perm\u00edtanos superar sus expectativas<\/p>\n<p>\n<\/div><\/div><\/div><\/div><\/div><\/div><\/div><!-- cell_inner --><\/div><!-- cell --><\/div><!-- port --><\/section><section id=\"bt_bb_section69e031af0993e\" class=\"bt_bb_section bt_bb_layout_wide bt_bb_vertical_align_top bt_bb_top_spacing_large\"  data-bt-override-class=\"null\"><div class=\"bt_bb_port\"><div class=\"bt_bb_cell\"><div class=\"bt_bb_cell_inner\"><div data-bb-version=\"4.8.0\" class=\"bt_bb_row  bt_bb_column_gap_0 bt_bb_hidden_xs bt_bb_hidden_ms bt_bb_hidden_sm\" style=\"; --column-gap:0px;\" data-bt-override-class=\"{}\"><div class=\"bt_bb_row_holder\" ><div data-bb-version=\"4.8.0\"  class=\"bt_bb_column col-xxl-6 col-xl-6 col-xs-12 col-sm-6 col-md-6 col-lg-6 bt_bb_vertical_align_top bt_bb_align_left bt_bb_padding_0\" style=\"; --column-width:6;\" data-width=\"6\" data-bt-override-class=\"{&quot;bt_bb_align_&quot;:{&quot;current_class&quot;:&quot;bt_bb_align_left&quot;,&quot;def&quot;:&quot;left&quot;},&quot;bt_bb_padding_&quot;:{&quot;current_class&quot;:&quot;bt_bb_padding_0&quot;,&quot;def&quot;:&quot;0&quot;}}\"><div class=\"bt_bb_column_content\"><div class=\"bt_bb_column_content_inner\"><header data-bb-version=\"4.8.0\" class=\"bt_bb_headline bt_bb_font_weight_lighter bt_bb_subheadline_font_weight_normal bt_bb_subheadline_text_transform_default bt_bb_dash_none bt_bb_subheadline bt_bb_size_small bt_bb_align_inherit\" data-bt-override-class=\"{&quot;bt_bb_size_&quot;:{&quot;current_class&quot;:&quot;bt_bb_size_small&quot;,&quot;def&quot;:&quot;small&quot;},&quot;bt_bb_align_&quot;:{&quot;current_class&quot;:&quot;bt_bb_align_inherit&quot;,&quot;def&quot;:&quot;inherit&quot;}}\"><h2 class=\"bt_bb_headline_tag\"><span class=\"bt_bb_headline_content\"><span>Noticias &amp; Actualizaciones<\/span><\/span><\/h2><div class=\"bt_bb_headline_subheadline\">Restez inform\u00e9 de l&#039;actualit\u00e9 du secteur, des \u00e9v\u00e9nements, des tendances technologiques, gr\u00e2ce \u00e0 nos newsletters<br \/><br \/>\npar email.<\/div><\/header><div data-bb-version=\"4.8.0\" class=\"bt_bb_separator bt_bb_border_style_none bt_bb_top_spacing_ bt_bb_bottom_spacing_50\" data-bt-override-class=\"{&quot;bt_bb_top_spacing_&quot;:{&quot;current_class&quot;:&quot;bt_bb_top_spacing_&quot;,&quot;def&quot;:&quot;&quot;},&quot;bt_bb_bottom_spacing_&quot;:{&quot;current_class&quot;:&quot;bt_bb_bottom_spacing_50&quot;,&quot;def&quot;:&quot;50&quot;}}\"><\/div><header data-bb-version=\"4.8.0\" class=\"bt_bb_headline bt_bb_font_weight_lighter bt_bb_subheadline_text_transform_default bt_bb_dash_bottom bt_bb_size_small bt_bb_align_inherit\" data-bt-override-class=\"{&quot;bt_bb_size_&quot;:{&quot;current_class&quot;:&quot;bt_bb_size_small&quot;,&quot;def&quot;:&quot;small&quot;},&quot;bt_bb_align_&quot;:{&quot;current_class&quot;:&quot;bt_bb_align_inherit&quot;,&quot;def&quot;:&quot;inherit&quot;}}\"><h2 style=\"font-size:22px\" class=\"bt_bb_headline_tag\"><span class=\"bt_bb_headline_content\"><span>Lien rapide<\/span><\/span><\/h2><\/header><div data-bb-version=\"4.8.0\" class=\"bt_bb_separator bt_bb_border_style_none bt_bb_top_spacing_ bt_bb_bottom_spacing_20\" data-bt-override-class=\"{&quot;bt_bb_top_spacing_&quot;:{&quot;current_class&quot;:&quot;bt_bb_top_spacing_&quot;,&quot;def&quot;:&quot;&quot;},&quot;bt_bb_bottom_spacing_&quot;:{&quot;current_class&quot;:&quot;bt_bb_bottom_spacing_20&quot;,&quot;def&quot;:&quot;20&quot;}}\"><\/div><div data-bb-version=\"4.7.6\" class=\"bt_bb_row_inner\"   data-bt-override-class=\"{}\"><div class=\"bt_bb_row_inner_holder\"  ><div data-bb-version=\"4.7.6\"  class=\"bt_bb_column_inner col-xxl-12 col-xl-12 col-xs-12 col-sm-12 col-md-12 col-lg-12 bt_bb_vertical_align_top bt_bb_align_left bt_bb_padding_normal\"  data-width=\"12\" data-bt-override-class=\"{}\"><div class=\"bt_bb_column_inner_content\"><div class=\"bt_bb_column_inner_content_inner\"><header data-bb-version=\"4.8.0\" class=\"bt_bb_headline bt_bb_font_weight_lighter bt_bb_superheadline_font_weight_thin bt_bb_subheadline_text_transform_default bt_bb_color_scheme_2 bt_bb_dash_none bt_bb_size_extrasmall bt_bb_align_inherit\" style=\"; --primary-color:#000000; --secondary-color:#ffffff;\" data-bt-override-class=\"{&quot;bt_bb_size_&quot;:{&quot;current_class&quot;:&quot;bt_bb_size_extrasmall&quot;,&quot;def&quot;:&quot;extrasmall&quot;},&quot;bt_bb_align_&quot;:{&quot;current_class&quot;:&quot;bt_bb_align_inherit&quot;,&quot;def&quot;:&quot;inherit&quot;}}\"><h3 style=\"font-size:15px\" class=\"bt_bb_headline_tag\"><span class=\"bt_bb_headline_content\"><span><a href=\"https:\/\/royioyg.com\/fr\/servicios\/geofisica\/\" target=\"_self\" title=\"\u25aa Geof\u00edsica\">\u25aa Geof\u00edsica<\/a><\/span><\/span><\/h3><\/header><div data-bb-version=\"4.8.0\" class=\"bt_bb_separator bt_bb_border_style_none bt_bb_top_spacing_small bt_bb_bottom_spacing_\" data-bt-override-class=\"{&quot;bt_bb_top_spacing_&quot;:{&quot;current_class&quot;:&quot;bt_bb_top_spacing_small&quot;,&quot;def&quot;:&quot;small&quot;},&quot;bt_bb_bottom_spacing_&quot;:{&quot;current_class&quot;:&quot;bt_bb_bottom_spacing_&quot;,&quot;def&quot;:&quot;&quot;}}\"><\/div><header data-bb-version=\"4.8.0\" class=\"bt_bb_headline bt_bb_font_weight_lighter bt_bb_superheadline_font_weight_thin bt_bb_subheadline_text_transform_default bt_bb_color_scheme_2 bt_bb_dash_none bt_bb_size_extrasmall bt_bb_align_inherit\" style=\"; --primary-color:#000000; --secondary-color:#ffffff;\" data-bt-override-class=\"{&quot;bt_bb_size_&quot;:{&quot;current_class&quot;:&quot;bt_bb_size_extrasmall&quot;,&quot;def&quot;:&quot;extrasmall&quot;},&quot;bt_bb_align_&quot;:{&quot;current_class&quot;:&quot;bt_bb_align_inherit&quot;,&quot;def&quot;:&quot;inherit&quot;}}\"><h3 style=\"font-size:15px\" class=\"bt_bb_headline_tag\"><span class=\"bt_bb_headline_content\"><span><a href=\"https:\/\/royioyg.com\/fr\/servicios\/caracterizacion-de-yacimientos\/\" target=\"_self\" title=\"\u25aa Caract\u00e9risation du r\u00e9servoir\">\u25aa Caract\u00e9risation du r\u00e9servoir<\/a><\/span><\/span><\/h3><\/header><div data-bb-version=\"4.8.0\" class=\"bt_bb_separator bt_bb_border_style_none bt_bb_top_spacing_small bt_bb_bottom_spacing_\" data-bt-override-class=\"{&quot;bt_bb_top_spacing_&quot;:{&quot;current_class&quot;:&quot;bt_bb_top_spacing_small&quot;,&quot;def&quot;:&quot;small&quot;},&quot;bt_bb_bottom_spacing_&quot;:{&quot;current_class&quot;:&quot;bt_bb_bottom_spacing_&quot;,&quot;def&quot;:&quot;&quot;}}\"><\/div><header data-bb-version=\"4.8.0\" class=\"bt_bb_headline bt_bb_font_weight_lighter bt_bb_superheadline_font_weight_thin bt_bb_subheadline_text_transform_default bt_bb_color_scheme_2 bt_bb_dash_none bt_bb_size_extrasmall bt_bb_align_inherit\" style=\"; --primary-color:#000000; --secondary-color:#ffffff;\" data-bt-override-class=\"{&quot;bt_bb_size_&quot;:{&quot;current_class&quot;:&quot;bt_bb_size_extrasmall&quot;,&quot;def&quot;:&quot;extrasmall&quot;},&quot;bt_bb_align_&quot;:{&quot;current_class&quot;:&quot;bt_bb_align_inherit&quot;,&quot;def&quot;:&quot;inherit&quot;}}\"><h3 style=\"font-size:15px\" class=\"bt_bb_headline_tag\"><span class=\"bt_bb_headline_content\"><span><a href=\"#\" target=\"_self\" title=\"\u25aa Optimizaci\u00f3n de Operaciones de Producci\u00f3n\">\u25aa Optimizaci\u00f3n de Operaciones de Producci\u00f3n<\/a><\/span><\/span><\/h3><\/header><div data-bb-version=\"4.8.0\" class=\"bt_bb_separator bt_bb_border_style_none bt_bb_top_spacing_small bt_bb_bottom_spacing_\" data-bt-override-class=\"{&quot;bt_bb_top_spacing_&quot;:{&quot;current_class&quot;:&quot;bt_bb_top_spacing_small&quot;,&quot;def&quot;:&quot;small&quot;},&quot;bt_bb_bottom_spacing_&quot;:{&quot;current_class&quot;:&quot;bt_bb_bottom_spacing_&quot;,&quot;def&quot;:&quot;&quot;}}\"><\/div><header data-bb-version=\"4.8.0\" class=\"bt_bb_headline bt_bb_font_weight_lighter bt_bb_superheadline_font_weight_thin bt_bb_subheadline_text_transform_default bt_bb_color_scheme_2 bt_bb_dash_none bt_bb_size_extrasmall bt_bb_align_inherit\" style=\"; --primary-color:#000000; --secondary-color:#ffffff;\" data-bt-override-class=\"{&quot;bt_bb_size_&quot;:{&quot;current_class&quot;:&quot;bt_bb_size_extrasmall&quot;,&quot;def&quot;:&quot;extrasmall&quot;},&quot;bt_bb_align_&quot;:{&quot;current_class&quot;:&quot;bt_bb_align_inherit&quot;,&quot;def&quot;:&quot;inherit&quot;}}\"><h3 style=\"font-size:15px\" class=\"bt_bb_headline_tag\"><span class=\"bt_bb_headline_content\"><span><a href=\"#\" target=\"_self\" title=\"\u25aa Python, Machine Learning et IA\">\u25aa Python, Machine Learning &amp; AI<\/a><\/span><\/span><\/h3><\/header><div data-bb-version=\"4.8.0\" class=\"bt_bb_separator bt_bb_border_style_none bt_bb_top_spacing_small bt_bb_bottom_spacing_\" data-bt-override-class=\"{&quot;bt_bb_top_spacing_&quot;:{&quot;current_class&quot;:&quot;bt_bb_top_spacing_small&quot;,&quot;def&quot;:&quot;small&quot;},&quot;bt_bb_bottom_spacing_&quot;:{&quot;current_class&quot;:&quot;bt_bb_bottom_spacing_&quot;,&quot;def&quot;:&quot;&quot;}}\"><\/div><header data-bb-version=\"4.8.0\" class=\"bt_bb_headline bt_bb_font_weight_lighter bt_bb_superheadline_font_weight_thin bt_bb_subheadline_text_transform_default bt_bb_color_scheme_2 bt_bb_dash_none bt_bb_size_extrasmall bt_bb_align_inherit\" style=\"; --primary-color:#000000; --secondary-color:#ffffff;\" data-bt-override-class=\"{&quot;bt_bb_size_&quot;:{&quot;current_class&quot;:&quot;bt_bb_size_extrasmall&quot;,&quot;def&quot;:&quot;extrasmall&quot;},&quot;bt_bb_align_&quot;:{&quot;current_class&quot;:&quot;bt_bb_align_inherit&quot;,&quot;def&quot;:&quot;inherit&quot;}}\"><h3 style=\"font-size:15px\" class=\"bt_bb_headline_tag\"><span class=\"bt_bb_headline_content\"><span><a href=\"#\" target=\"_self\" title=\"\u25aa Metodolog\u00edas VCD para E&amp;P\">\u25aa Metodolog\u00edas VCD para E&amp;P<\/a><\/span><\/span><\/h3><\/header><div data-bb-version=\"4.8.0\" class=\"bt_bb_separator bt_bb_border_style_none bt_bb_top_spacing_small bt_bb_bottom_spacing_\" data-bt-override-class=\"{&quot;bt_bb_top_spacing_&quot;:{&quot;current_class&quot;:&quot;bt_bb_top_spacing_small&quot;,&quot;def&quot;:&quot;small&quot;},&quot;bt_bb_bottom_spacing_&quot;:{&quot;current_class&quot;:&quot;bt_bb_bottom_spacing_&quot;,&quot;def&quot;:&quot;&quot;}}\"><\/div><header data-bb-version=\"4.8.0\" class=\"bt_bb_headline bt_bb_font_weight_lighter bt_bb_superheadline_font_weight_thin bt_bb_subheadline_text_transform_default bt_bb_color_scheme_2 bt_bb_dash_none bt_bb_size_extrasmall bt_bb_align_inherit\" style=\"; --primary-color:#000000; --secondary-color:#ffffff;\" data-bt-override-class=\"{&quot;bt_bb_size_&quot;:{&quot;current_class&quot;:&quot;bt_bb_size_extrasmall&quot;,&quot;def&quot;:&quot;extrasmall&quot;},&quot;bt_bb_align_&quot;:{&quot;current_class&quot;:&quot;bt_bb_align_inherit&quot;,&quot;def&quot;:&quot;inherit&quot;}}\"><h3 style=\"font-size:15px\" class=\"bt_bb_headline_tag\"><span class=\"bt_bb_headline_content\"><span><a href=\"#\" target=\"_self\" title=\"\u25aa Formation technique et ex\u00e9cutive\">\u25aa Formation technique et ex\u00e9cutive<\/a><\/span><\/span><\/h3><\/header><div data-bb-version=\"4.8.0\" class=\"bt_bb_separator bt_bb_border_style_none bt_bb_top_spacing_normal bt_bb_bottom_spacing_\" data-bt-override-class=\"{&quot;bt_bb_top_spacing_&quot;:{&quot;current_class&quot;:&quot;bt_bb_top_spacing_normal&quot;,&quot;def&quot;:&quot;normal&quot;},&quot;bt_bb_bottom_spacing_&quot;:{&quot;current_class&quot;:&quot;bt_bb_bottom_spacing_&quot;,&quot;def&quot;:&quot;&quot;}}\"><\/div><header data-bb-version=\"4.8.0\" class=\"bt_bb_headline_with_icon bt_bb_font_weight_bolder bt_bb_size_inherit bt_bb_align_left bt_bb_icon_position_left bt_bb_icon_color_scheme_9\" style=\"; --headline-with-icon-icon-primary-color:#000000; --headline-with-icon-icon-secondary-color:#ffc106;\" data-bt-override-class=\"{&quot;bt_bb_size_&quot;:{&quot;current_class&quot;:&quot;bt_bb_size_inherit&quot;,&quot;def&quot;:&quot;inherit&quot;},&quot;bt_bb_align_&quot;:{&quot;current_class&quot;:&quot;bt_bb_align_left&quot;,&quot;def&quot;:&quot;left&quot;}}\"><span data-ico-design=\"&#xe94b;\" class=\"bt_bb_icon_holder\"><\/span><div class=\"bt_bb_headline_with_icon_content_holder\"><h4 style=\"font-size:14px\"><span class=\"bt_bb_headline_with_icon_content\"><span><a href=\"https:\/\/royioyg.com\/fr\/servicios\/\" target=\"_self\" title=\"Voir plus\">Voir plus<\/a><\/span><\/span><\/h4><\/div><\/header><\/div><\/div><\/div><\/div><\/div><\/div><\/div><\/div><div data-bb-version=\"4.7.6\"  class=\"bt_bb_column col-xxl-6 col-xl-6 col-xs-12 col-sm-6 col-md-6 col-lg-6 bt_bb_vertical_align_top bt_bb_align_left bt_bb_padding_double bt_bb_animation_fade_in animate\" style=\"margin-top: -40px;; --column-width:6;\" data-width=\"6\" data-bt-override-class=\"{&quot;bt_bb_align_&quot;:{&quot;current_class&quot;:&quot;bt_bb_align_left&quot;,&quot;def&quot;:&quot;left&quot;},&quot;bt_bb_padding_&quot;:{&quot;current_class&quot;:&quot;bt_bb_padding_double&quot;,&quot;def&quot;:&quot;double&quot;}}\"><div class=\"bt_bb_column_content\"><div class=\"bt_bb_column_content_inner\"><div data-bb-version=\"4.8.0\" class=\"bt_bb_separator bt_bb_border_style_none bt_bb_top_spacing_ bt_bb_bottom_spacing_70\" data-bt-override-class=\"{&quot;bt_bb_top_spacing_&quot;:{&quot;current_class&quot;:&quot;bt_bb_top_spacing_&quot;,&quot;def&quot;:&quot;&quot;},&quot;bt_bb_bottom_spacing_&quot;:{&quot;current_class&quot;:&quot;bt_bb_bottom_spacing_70&quot;,&quot;def&quot;:&quot;70&quot;}}\"><\/div><div class=\"bt_bb_contact_form_7\"><p class=\"wpcf7-contact-form-not-found\"><strong>Erreur\u00a0:<\/strong> Formulaire de contact non trouv\u00e9\u00a0!<\/p><\/div><\/div><\/div><\/div><\/div><\/div><\/div><!-- cell_inner --><\/div><!-- cell --><\/div><!-- port --><\/section><\/p>","protected":false},"excerpt":{"rendered":"<p>Tome decisiones m\u00e1s acertadas para maximizar la recuperaci\u00f3n del ciclo de vida completo de sus activos<\/p>","protected":false},"author":1,"featured_media":4009,"parent":144,"menu_order":0,"comment_status":"closed","ping_status":"closed","template":"","meta":{"footnotes":""},"class_list":["post-4906","page","type-page","status-publish","has-post-thumbnail","hentry"],"meta_box":{"boldthemes_theme_menu_name":"","boldthemes_theme_footer_menu_name":"","boldthemes_theme_override":["boldthemes_theme_sidebar:right","boldthemes_theme_logo:https:\/\/royioyg.com\/wp-content\/uploads\/2023\/12\/royi-logo.png","boldthemes_theme_alt_logo:https:\/\/royioyg.com\/wp-content\/uploads\/2023\/12\/royi-white.png"]},"_links":{"self":[{"href":"https:\/\/royioyg.com\/fr\/wp-json\/wp\/v2\/pages\/4906"}],"collection":[{"href":"https:\/\/royioyg.com\/fr\/wp-json\/wp\/v2\/pages"}],"about":[{"href":"https:\/\/royioyg.com\/fr\/wp-json\/wp\/v2\/types\/page"}],"author":[{"embeddable":true,"href":"https:\/\/royioyg.com\/fr\/wp-json\/wp\/v2\/users\/1"}],"replies":[{"embeddable":true,"href":"https:\/\/royioyg.com\/fr\/wp-json\/wp\/v2\/comments?post=4906"}],"version-history":[{"count":15,"href":"https:\/\/royioyg.com\/fr\/wp-json\/wp\/v2\/pages\/4906\/revisions"}],"predecessor-version":[{"id":5080,"href":"https:\/\/royioyg.com\/fr\/wp-json\/wp\/v2\/pages\/4906\/revisions\/5080"}],"up":[{"embeddable":true,"href":"https:\/\/royioyg.com\/fr\/wp-json\/wp\/v2\/pages\/144"}],"wp:featuredmedia":[{"embeddable":true,"href":"https:\/\/royioyg.com\/fr\/wp-json\/wp\/v2\/media\/4009"}],"wp:attachment":[{"href":"https:\/\/royioyg.com\/fr\/wp-json\/wp\/v2\/media?parent=4906"}],"curies":[{"name":"wp","href":"https:\/\/api.w.org\/{rel}","templated":true}]}}