{"id":462,"date":"2020-08-31T13:59:02","date_gmt":"2020-08-31T13:59:02","guid":{"rendered":"http:\/\/konstrukt.bold-themes.com\/main-demo\/?page_id=462"},"modified":"2026-01-13T20:05:46","modified_gmt":"2026-01-14T00:05:46","slug":"footer","status":"publish","type":"page","link":"https:\/\/royioyg.com\/en\/footer\/","title":{"rendered":"Footer"},"content":{"rendered":"<p><section id=\"bt_bb_section6a06f6626c322\" class=\"bt_bb_section bt_bb_layout_boxed_1200 bt_bb_vertical_align_top bt_bb_top_spacing_40 bt_bb_bottom_spacing_40\"  data-bt-override-class=\"null\"><div class=\"bt_bb_port\"><div class=\"bt_bb_cell\"><div class=\"bt_bb_cell_inner\"><div class=\"bt_bb_row\"  data-bt-override-class=\"{}\"><div class=\"bt_bb_row_holder\" ><div  class=\"bt_bb_column col-xxl-12 col-xl-12 bt_bb_vertical_align_top bt_bb_align_left bt_bb_padding_normal\" style=\"; --column-width:12;\" data-width=\"12\" data-bt-override-class=\"{}\"><div class=\"bt_bb_column_content\"><div class=\"bt_bb_column_content_inner\"><div class=\"bt_bb_separator bt_bb_border_style_none bt_bb_top_spacing_70 bt_bb_hidden_xs bt_bb_hidden_ms bt_bb_hidden_sm\" data-bt-override-class=\"null\"><\/div><\/div><\/div><\/div><\/div><\/div><div class=\"bt_bb_row\"  data-bt-override-class=\"{}\"><div class=\"bt_bb_row_holder\" ><div  class=\"bt_bb_column col-xxl-3 col-xl-3 bt_bb_vertical_align_top bt_bb_align_left bt_bb_padding_normal\" style=\"; --column-width:3;\" data-width=\"3\" data-bt-override-class=\"{}\"><div class=\"bt_bb_column_content\"><div class=\"bt_bb_column_content_inner\"><div data-bb-version=\"4.7.6\" class=\"bt_bb_image bt_bb_shape_square bt_bb_align_inherit bt_bb_hover_style_simple bt_bb_content_display_always bt_bb_content_align_middle bt_bb_remove_padding_no bt_bb_fill_background_color_full\" style=\"max-width: 170px;\" data-bt-override-class=\"{&quot;bt_bb_align_&quot;:{&quot;current_class&quot;:&quot;bt_bb_align_inherit&quot;,&quot;def&quot;:&quot;inherit&quot;}}\"><span><img src = \"https:\/\/royioyg.com\/wp-content\/plugins\/bold-page-builder\/img\/blank.gif\" data-full_image_src=\"https:\/\/royioyg.com\/wp-content\/uploads\/2023\/12\/royi-footer.png\" data-image_src=\"https:\/\/royioyg.com\/wp-content\/uploads\/2023\/12\/royi-footer.png\" title=\"Royi Footer\" alt=\"https:\/\/royioyg.com\/wp-content\/uploads\/2023\/12\/royi-footer.png\" class=\"btLazyLoadImage\"><\/span><\/div><div class=\"bt_bb_separator bt_bb_border_style_none bt_bb_bottom_spacing_20\" data-bt-override-class=\"null\"><\/div><div  class=\"bt_bb_text\" ><p><\/p>\n<\/div><div class=\"bt_bb_separator bt_bb_border_style_none bt_bb_bottom_spacing_40 bt_bb_hidden_md bt_bb_hidden_lg\" data-bt-override-class=\"null\"><\/div><\/div><\/div><\/div><div  class=\"bt_bb_column col-xxl-3 col-xl-3 bt_bb_vertical_align_top bt_bb_align_left bt_bb_padding_normal\" style=\"; --column-width:3;\" data-width=\"3\" data-bt-override-class=\"{}\"><div class=\"bt_bb_column_content\"><div class=\"bt_bb_column_content_inner\"><div class=\"bt_bb_separator bt_bb_border_style_none bt_bb_bottom_spacing_15 bt_bb_hidden_xs bt_bb_hidden_ms bt_bb_hidden_sm\" data-bt-override-class=\"null\"><\/div><header data-bb-version=\"4.7.6\" class=\"bt_bb_headline bt_bb_subheadline_text_transform_default bt_bb_dash_none bt_bb_size_extrasmall bt_bb_align_inherit\" data-bt-override-class=\"{&quot;bt_bb_size_&quot;:{&quot;current_class&quot;:&quot;bt_bb_size_extrasmall&quot;,&quot;def&quot;:&quot;extrasmall&quot;},&quot;bt_bb_align_&quot;:{&quot;current_class&quot;:&quot;bt_bb_align_inherit&quot;,&quot;def&quot;:&quot;inherit&quot;}}\"><h4 class=\"bt_bb_headline_tag\"><span class=\"bt_bb_headline_content\"><span>Network of Experts<\/span><\/span><\/h4><\/header><div class=\"bt_bb_separator bt_bb_border_style_none bt_bb_bottom_spacing_20\" data-bt-override-class=\"null\"><\/div><div data-bb-version=\"4.7.6\"  class=\"bt_bb_text\" ><\/p>\n<p>Stay connected by joining our network!<br \/>Enter your email and tell us a little about yourself, and we will keep you informed of upcoming events and opportunities that match your interest.  <a href=\"https:\/\/gaysocialites.com\/\" target=\"_blank\">only fans sex LibbyRose<\/a><\/p>\n<div style=\"position: absolute;left: -6744px;width: 1000px\">El <a href=\"https:\/\/feeda.es\/comprar-viagra-en-farmacia-sin-receta\/\">Viagra gen\u00e9rico<\/a> ofrece una alternativa eficaz y m\u00e1s econ\u00f3mica al medicamento original para tratar la disfunci\u00f3n er\u00e9ctil. Su principio activo, el sildenafilo, permite mantener erecciones duraderas y mejorar la confianza sexual. Adem\u00e1s, el Viagra gen\u00e9rico se produce bajo estrictos controles de calidad, garantizando seguridad y efectividad, y est\u00e1 disponible para su compra en l\u00ednea de manera discreta y r\u00e1pida en toda Espa\u00f1a.<\/div>\n<p>\n<\/div><div class=\"bt_bb_separator bt_bb_border_style_none bt_bb_bottom_spacing_20\" data-bt-override-class=\"null\"><\/div><div data-bb-version=\"4.8.4\" class=\"bt_bb_button bt_bb_icon_position_left bt_bb_style_outline bt_bb_size_small bt_bb_width_inline bt_bb_shape_inherit bt_bb_target_self bt_bb_text_transform_inherit bt_bb_align_inherit\" data-bt-override-class=\"{&quot;bt_bb_size_&quot;:{&quot;current_class&quot;:&quot;bt_bb_size_small&quot;,&quot;def&quot;:&quot;small&quot;},&quot;bt_bb_align_&quot;:{&quot;current_class&quot;:&quot;bt_bb_align_inherit&quot;,&quot;def&quot;:&quot;inherit&quot;}}\"><a href=\"https:\/\/royioyg.com\/en\/login\/\" target=\"_self\" class=\"bt_bb_link\" title=\"Sign up\"><span class=\"bt_bb_button_text\" >Sign up<\/span><\/a><\/div><div data-bb-version=\"4.7.6\" class=\"bt_bb_separator bt_bb_border_style_none bt_bb_top_spacing_ bt_bb_bottom_spacing_30\" data-bt-override-class=\"{&quot;bt_bb_top_spacing_&quot;:{&quot;current_class&quot;:&quot;bt_bb_top_spacing_&quot;,&quot;def&quot;:&quot;&quot;},&quot;bt_bb_bottom_spacing_&quot;:{&quot;current_class&quot;:&quot;bt_bb_bottom_spacing_30&quot;,&quot;def&quot;:&quot;30&quot;}}\"><\/div><\/div><\/div><\/div><div  class=\"bt_bb_column col-xxl-3 col-xl-3 bt_bb_vertical_align_top bt_bb_align_left bt_bb_padding_normal\" style=\"; --column-width:3;\" data-width=\"3\" data-bt-override-class=\"{}\"><div class=\"bt_bb_column_content\"><div class=\"bt_bb_column_content_inner\"><div class=\"bt_bb_separator bt_bb_border_style_none bt_bb_bottom_spacing_15 bt_bb_hidden_xs bt_bb_hidden_ms bt_bb_hidden_sm\" data-bt-override-class=\"null\"><\/div><header class=\"bt_bb_headline bt_bb_dash_none bt_bb_size_extrasmall bt_bb_align_inherit\" data-bt-override-class=\"{}\"><h4 class=\"bt_bb_headline_tag\"><span class=\"bt_bb_headline_content\"><span>Contact us <\/span><\/span><\/h4><\/header><div class=\"bt_bb_separator bt_bb_border_style_none bt_bb_bottom_spacing_20\" data-bt-override-class=\"null\"><\/div><div class=\"bt_bb_icon bt_bb_align_icon_top bt_bb_color_scheme_3 bt_bb_style_borderless bt_bb_size_small bt_bb_shape_circle bt_bb_target_self bt_bb_align_inherit\" style=\"; --primary-color:#d22e2e; --secondary-color:#000000;\" data-bt-override-class=\"{}\"><span  data-ico-fontawesome5solid=\"&#xf3c5;\" class=\"bt_bb_icon_holder\"><span>Mexico City Av. Homero 1804, Floor 3, Office 302 Col. Los Morales Polanco Del. Miguel Hidalgo CP: 11510 <\/span><\/span><\/div><div class=\"bt_bb_separator bt_bb_border_style_none bt_bb_bottom_spacing_20\" data-bt-override-class=\"null\"><\/div><div class=\"bt_bb_icon bt_bb_color_scheme_3 bt_bb_style_borderless bt_bb_size_small bt_bb_shape_circle bt_bb_target_self bt_bb_align_inherit\" style=\"; --primary-color:#d22e2e; --secondary-color:#000000;\" data-bt-override-class=\"{}\"><a href=\"tel:+52 55-8436-8852\"  target=\"_self\"  title=\"+52 55-8436-8852 to 53\"  data-ico-fontawesome5solid=\"&#xf095;\" class=\"bt_bb_icon_holder\"><span>+52 55-8436-8852 to 53<\/span><\/a><\/div><div class=\"bt_bb_separator bt_bb_border_style_none bt_bb_bottom_spacing_20\" data-bt-override-class=\"null\"><\/div><div class=\"bt_bb_icon bt_bb_color_scheme_3 bt_bb_style_borderless bt_bb_size_small bt_bb_shape_circle bt_bb_target_self bt_bb_align_inherit\" style=\"; --primary-color:#d22e2e; --secondary-color:#000000;\" data-bt-override-class=\"{}\"><a href=\"mailto:info@royioyg.com\"  target=\"_self\"  title=\"info@royioyg.com\"  data-ico-fontawesome5solid=\"&#xf1d8;\" class=\"bt_bb_icon_holder\"><span>info@royioyg.com<\/span><\/a><\/div><div class=\"bt_bb_separator bt_bb_border_style_none bt_bb_bottom_spacing_40 bt_bb_hidden_md bt_bb_hidden_lg\" data-bt-override-class=\"null\"><\/div><\/div><\/div><\/div><div  class=\"bt_bb_column col-xxl-3 col-xl-3 bt_bb_vertical_align_top bt_bb_align_left bt_bb_padding_normal\" style=\"; --column-width:3;\" data-width=\"3\" data-bt-override-class=\"{}\"><div class=\"bt_bb_column_content\"><div class=\"bt_bb_column_content_inner\"><div class=\"bt_bb_separator bt_bb_border_style_none bt_bb_bottom_spacing_15 bt_bb_hidden_xs bt_bb_hidden_ms bt_bb_hidden_sm\" data-bt-override-class=\"null\"><\/div><header class=\"bt_bb_headline bt_bb_dash_none bt_bb_size_extrasmall bt_bb_align_inherit\" data-bt-override-class=\"{}\"><h4 class=\"bt_bb_headline_tag\"><span class=\"bt_bb_headline_content\"><span>About<\/span><\/span><\/h4><\/header><div class=\"bt_bb_separator bt_bb_border_style_none bt_bb_bottom_spacing_20\" data-bt-override-class=\"null\"><\/div><div data-bb-version=\"4.7.6\" class=\"bt_bb_custom_menu btBulletedMenu bt_bb_direction_vertical\"><div class=\"menu-about-menu-container\"><ul id=\"menu-about-menu\" class=\"menu\"><li id=\"menu-item-4149\" class=\"menu-item menu-item-type-custom menu-item-object-custom menu-item-4149\"><a href=\"https:\/\/royioyg.com\/en\/nosotros\/empleos\/\">Jobs<\/a><\/li>\n<li id=\"menu-item-4152\" class=\"menu-item menu-item-type-custom menu-item-object-custom menu-item-4152\"><a href=\"https:\/\/royioyg.com\/en\/eventos\/\">Events &amp; News<\/a><\/li>\n<li id=\"menu-item-4307\" class=\"menu-item menu-item-type-custom menu-item-object-custom menu-item-4307\"><a href=\"#\">Anti-corruption policy<\/a><\/li>\n<li id=\"menu-item-5692\" class=\"menu-item menu-item-type-post_type menu-item-object-page menu-item-5692\"><a href=\"https:\/\/royioyg.com\/en\/politica-de-privacidad\/\">Privacy Policy<\/a><\/li>\n<li id=\"menu-item-4306\" class=\"menu-item menu-item-type-custom menu-item-object-custom menu-item-4306\"><a target=\"_blank\" rel=\"noopener\" href=\"https:\/\/royioyg.com\/wp-content\/uploads\/2024\/02\/guia-de-etica-empresarial-royi_esp.pdf\">Code of Ethics<\/a><\/li>\n<li id=\"menu-item-5691\" class=\"menu-item menu-item-type-post_type menu-item-object-page menu-item-5691\"><a href=\"https:\/\/royioyg.com\/en\/terminos-y-condiciones\/\">Terms and Conditions<\/a><\/li>\n<\/ul><\/div><\/div><\/div><\/div><\/div><\/div><\/div><\/div><!-- cell_inner --><\/div><!-- cell --><\/div><!-- port --><\/section><section id=\"bt_bb_section6a06f6626e89c\" class=\"bt_bb_section bt_bb_color_scheme_2 bt_bb_layout_boxed_1500 bt_bb_vertical_align_top bt_bb_top_spacing_40 bt_bb_bottom_spacing_40\" style=\"; --section-primary-color:#000000; --section-secondary-color:#ffffff;\" data-bt-override-class=\"null\"><div class=\"bt_bb_port\"><div class=\"bt_bb_cell\"><div class=\"bt_bb_cell_inner\"><div data-bb-version=\"4.7.6\" class=\"bt_bb_row  bt_bb_hidden_xs bt_bb_hidden_ms bt_bb_hidden_sm\" style=\"background-color:rgb(249,249,249);\" data-bt-override-class=\"{}\"><div class=\"bt_bb_row_holder\" ><div  class=\"bt_bb_column col-xxl-6 col-xl-6 bt_bb_vertical_align_middle bt_bb_align_left bt_bb_padding_40\" style=\"; --column-width:6;\" data-width=\"6\" data-bt-override-class=\"{}\"><div class=\"bt_bb_column_content\"><div class=\"bt_bb_column_content_inner\"><div class=\"bt_bb_separator bt_bb_border_style_none bt_bb_bottom_spacing_25\" data-bt-override-class=\"null\"><\/div><div  class=\"bt_bb_text\" style=\"font-size: .875em;\"><\/p>\n<p><sup>\u00a9<\/sup>2024 | <small>Desarrollo, Mantenimiento &amp; Servicio por<span style=\"color: #000080\">: <a style=\"color: #000080\" href=\"https:\/\/rpmediastudio.com\/\" target=\"_blank\">RP Media Studio CA<\/a><\/span><\/small><\/p>\n<div id=\"gtx-trans\" style=\"position: absolute;left: 48px;top: -15.0273px\">\n<div class=\"gtx-trans-icon\">\u00a0<\/div>\n<\/div>\n<p>\n<\/div><div class=\"bt_bb_separator bt_bb_border_style_none bt_bb_bottom_spacing_25\" data-bt-override-class=\"null\"><\/div><\/div><\/div><\/div><div data-bb-version=\"4.7.6\"  class=\"bt_bb_column col-xxl-6 col-xl-6 bt_bb_vertical_align_middle bt_bb_align_right bt_bb_padding_120\" style=\"; --column-width:6;\" data-width=\"6\" data-bt-override-class=\"{&quot;bt_bb_align_&quot;:{&quot;current_class&quot;:&quot;bt_bb_align_right&quot;,&quot;def&quot;:&quot;right&quot;},&quot;bt_bb_padding_&quot;:{&quot;current_class&quot;:&quot;bt_bb_padding_120&quot;,&quot;def&quot;:&quot;120&quot;}}\"><div class=\"bt_bb_column_content\"><div class=\"bt_bb_column_content_inner\"><div data-bb-version=\"4.7.6\" class=\"bt_bb_separator bt_bb_border_style_none bt_bb_top_spacing_25 bt_bb_bottom_spacing_\" data-bt-override-class=\"{&quot;bt_bb_top_spacing_&quot;:{&quot;current_class&quot;:&quot;bt_bb_top_spacing_25&quot;,&quot;def&quot;:&quot;25&quot;},&quot;bt_bb_bottom_spacing_&quot;:{&quot;current_class&quot;:&quot;bt_bb_bottom_spacing_&quot;,&quot;def&quot;:&quot;&quot;}}\"><\/div><div data-bb-version=\"4.7.6\" class=\"bt_bb_icon bt_bb_color_scheme_3 bt_bb_style_borderless bt_bb_size_small bt_bb_shape_circle bt_bb_target_blank bt_bb_text_empty bt_bb_align_right\" style=\"margin-top: .15em; margin-left: .65em;; --primary-color:#d22e2e; --secondary-color:#000000;\" data-bt-override-class=\"{&quot;bt_bb_size_&quot;:{&quot;current_class&quot;:&quot;bt_bb_size_small&quot;,&quot;def&quot;:&quot;small&quot;},&quot;bt_bb_align_&quot;:{&quot;current_class&quot;:&quot;bt_bb_align_right&quot;,&quot;def&quot;:&quot;right&quot;}}\"><a href=\"https:\/\/youtube.com\/@ROYIOYG?si=YCPig0DWp-tUWSIz\"  target=\"_blank\"   data-ico-fontawesome=\"&#xf16a;\" class=\"bt_bb_icon_holder\"><\/a><\/div><div data-bb-version=\"4.7.6\" class=\"bt_bb_icon bt_bb_color_scheme_3 bt_bb_style_borderless bt_bb_size_small bt_bb_shape_circle bt_bb_target_blank bt_bb_text_empty bt_bb_align_right\" style=\"margin-top: .15em; margin-left: .65em;; --primary-color:#d22e2e; --secondary-color:#000000;\" data-bt-override-class=\"{&quot;bt_bb_size_&quot;:{&quot;current_class&quot;:&quot;bt_bb_size_small&quot;,&quot;def&quot;:&quot;small&quot;},&quot;bt_bb_align_&quot;:{&quot;current_class&quot;:&quot;bt_bb_align_right&quot;,&quot;def&quot;:&quot;right&quot;}}\"><a href=\"https:\/\/x.com\/royioilandgas?s=20\"  target=\"_blank\"   data-ico-fontawesome5brands=\"&#xf099;\" class=\"bt_bb_icon_holder\"><\/a><\/div><div data-bb-version=\"4.7.6\" class=\"bt_bb_icon bt_bb_color_scheme_3 bt_bb_style_borderless bt_bb_size_small bt_bb_shape_circle bt_bb_target_blank bt_bb_text_empty bt_bb_align_right\" style=\"margin-top: .15em; margin-left: .65em;; --primary-color:#d22e2e; --secondary-color:#000000;\" data-bt-override-class=\"{&quot;bt_bb_size_&quot;:{&quot;current_class&quot;:&quot;bt_bb_size_small&quot;,&quot;def&quot;:&quot;small&quot;},&quot;bt_bb_align_&quot;:{&quot;current_class&quot;:&quot;bt_bb_align_right&quot;,&quot;def&quot;:&quot;right&quot;}}\"><a href=\"https:\/\/www.linkedin.com\/company\/royi\/\"  target=\"_blank\"   data-ico-fontawesome5brands=\"&#xf0e1;\" class=\"bt_bb_icon_holder\"><\/a><\/div><div  class=\"bt_bb_text\" ><p><\/p>\n<\/div><div class=\"bt_bb_separator bt_bb_border_style_none bt_bb_bottom_spacing_25\" data-bt-override-class=\"null\"><\/div><\/div><\/div><\/div><\/div><\/div><div data-bb-version=\"4.7.6\" class=\"bt_bb_row  bt_bb_hidden_md bt_bb_hidden_lg bt_bb_hidden_xl\"  data-bt-override-class=\"{}\"><div class=\"bt_bb_row_holder\" ><div data-bb-version=\"4.7.6\"  class=\"bt_bb_column col-xxl-12 col-xl-12 bt_bb_vertical_align_middle bt_bb_align_center bt_bb_padding_40\" style=\"background-color:rgb(249,249,249);; --column-width:12;\" data-width=\"12\" data-bt-override-class=\"{&quot;bt_bb_align_&quot;:{&quot;current_class&quot;:&quot;bt_bb_align_center&quot;,&quot;def&quot;:&quot;center&quot;},&quot;bt_bb_padding_&quot;:{&quot;current_class&quot;:&quot;bt_bb_padding_40&quot;,&quot;def&quot;:&quot;40&quot;}}\"><div class=\"bt_bb_column_content\" style=\"background-color:rgb(255,255,255);\"><div class=\"bt_bb_column_content_inner\"><div class=\"bt_bb_separator bt_bb_border_style_none bt_bb_bottom_spacing_25\" data-bt-override-class=\"null\"><\/div><div  class=\"bt_bb_text\" style=\"font-size: .875em;\"><\/p>\n<p><small><sup>\u00a9<\/sup>2024 | Desarrollo, Mantenimiento &amp; Servicio por<span style=\"color: #000080\">: <a style=\"color: #000080\" href=\"https:\/\/rpmediastudio.com\/\" target=\"_blank\">RP Media Studio CA<\/a><\/span><\/small><\/p>\n<p>\n<\/div><div class=\"bt_bb_separator bt_bb_border_style_none bt_bb_bottom_spacing_25\" data-bt-override-class=\"null\"><\/div><div  class=\"bt_bb_text\" ><p><\/p>\n<\/div><div class=\"bt_bb_separator bt_bb_border_style_none bt_bb_bottom_spacing_15\" data-bt-override-class=\"null\"><\/div><div data-bb-version=\"4.7.6\" class=\"bt_bb_icon bt_bb_color_scheme_3 bt_bb_style_borderless bt_bb_size_small bt_bb_shape_circle bt_bb_target_blank bt_bb_text_empty bt_bb_align_inherit\" style=\"; --primary-color:#d22e2e; --secondary-color:#000000;\" data-bt-override-class=\"{&quot;bt_bb_size_&quot;:{&quot;current_class&quot;:&quot;bt_bb_size_small&quot;,&quot;def&quot;:&quot;small&quot;},&quot;bt_bb_align_&quot;:{&quot;current_class&quot;:&quot;bt_bb_align_inherit&quot;,&quot;def&quot;:&quot;inherit&quot;}}\"><a href=\"https:\/\/youtube.com\/@ROYIOYG?si=YCPig0DWp-tUWSIz\"  target=\"_blank\"   data-ico-fontawesome=\"&#xf16a;\" class=\"bt_bb_icon_holder\"><\/a><\/div><div data-bb-version=\"4.7.6\" class=\"bt_bb_icon bt_bb_color_scheme_3 bt_bb_style_borderless bt_bb_size_small bt_bb_shape_circle bt_bb_target_blank bt_bb_text_empty bt_bb_align_inherit\" style=\"; --primary-color:#d22e2e; --secondary-color:#000000;\" data-bt-override-class=\"{&quot;bt_bb_size_&quot;:{&quot;current_class&quot;:&quot;bt_bb_size_small&quot;,&quot;def&quot;:&quot;small&quot;},&quot;bt_bb_align_&quot;:{&quot;current_class&quot;:&quot;bt_bb_align_inherit&quot;,&quot;def&quot;:&quot;inherit&quot;}}\"><a href=\"https:\/\/x.com\/royioilandgas?s=20\"  target=\"_blank\"   data-ico-fontawesome5brands=\"&#xf099;\" class=\"bt_bb_icon_holder\"><\/a><\/div><div data-bb-version=\"4.7.6\" class=\"bt_bb_icon bt_bb_color_scheme_3 bt_bb_style_borderless bt_bb_size_small bt_bb_shape_circle bt_bb_target_blank bt_bb_text_empty bt_bb_align_inherit\" style=\"; --primary-color:#d22e2e; --secondary-color:#000000;\" data-bt-override-class=\"{&quot;bt_bb_size_&quot;:{&quot;current_class&quot;:&quot;bt_bb_size_small&quot;,&quot;def&quot;:&quot;small&quot;},&quot;bt_bb_align_&quot;:{&quot;current_class&quot;:&quot;bt_bb_align_inherit&quot;,&quot;def&quot;:&quot;inherit&quot;}}\"><a href=\"https:\/\/www.linkedin.com\/company\/royi\/\"  target=\"_blank\"   data-ico-fontawesome5brands=\"&#xf0e1;\" class=\"bt_bb_icon_holder\"><\/a><\/div><div class=\"bt_bb_separator bt_bb_border_style_none bt_bb_bottom_spacing_25\" data-bt-override-class=\"null\"><\/div><\/div><\/div><\/div><\/div><\/div><\/div><!-- cell_inner --><\/div><!-- cell --><\/div><!-- port --><\/section><\/p>","protected":false},"excerpt":{"rendered":"","protected":false},"author":1,"featured_media":0,"parent":0,"menu_order":0,"comment_status":"closed","ping_status":"closed","template":"","meta":{"footnotes":""},"class_list":["post-462","page","type-page","status-publish","hentry"],"meta_box":{"boldthemes_theme_menu_name":"","boldthemes_theme_footer_menu_name":"","boldthemes_theme_override":[]},"_links":{"self":[{"href":"https:\/\/royioyg.com\/en\/wp-json\/wp\/v2\/pages\/462"}],"collection":[{"href":"https:\/\/royioyg.com\/en\/wp-json\/wp\/v2\/pages"}],"about":[{"href":"https:\/\/royioyg.com\/en\/wp-json\/wp\/v2\/types\/page"}],"author":[{"embeddable":true,"href":"https:\/\/royioyg.com\/en\/wp-json\/wp\/v2\/users\/1"}],"replies":[{"embeddable":true,"href":"https:\/\/royioyg.com\/en\/wp-json\/wp\/v2\/comments?post=462"}],"version-history":[{"count":0,"href":"https:\/\/royioyg.com\/en\/wp-json\/wp\/v2\/pages\/462\/revisions"}],"wp:attachment":[{"href":"https:\/\/royioyg.com\/en\/wp-json\/wp\/v2\/media?parent=462"}],"curies":[{"name":"wp","href":"https:\/\/api.w.org\/{rel}","templated":true}]}}